{"id":11849,"date":"2025-05-05T15:09:10","date_gmt":"2025-05-05T18:09:10","guid":{"rendered":"https:\/\/ifatbrasil.com.br\/technical-visits-lavoro\/"},"modified":"2025-06-04T10:08:26","modified_gmt":"2025-06-04T13:08:26","slug":"technical-visits-lavoro","status":"publish","type":"page","link":"https:\/\/ifatbrasil.com.br\/en\/technical-visits-lavoro\/","title":{"rendered":"TECHNICAL VISITS &#8211; LAVORO"},"content":{"rendered":"\t\t<div data-elementor-type=\"wp-page\" data-elementor-id=\"11849\" class=\"elementor elementor-11849 elementor-11761\" data-elementor-post-type=\"page\">\n\t\t\t\t\t\t<section class=\"elementor-section elementor-top-section elementor-element elementor-element-45c57c5c elementor-section-boxed elementor-section-height-default elementor-section-height-default\" data-id=\"45c57c5c\" data-element_type=\"section\" data-e-type=\"section\" data-settings=\"{&quot;background_background&quot;:&quot;classic&quot;}\">\n\t\t\t\t\t\t\t<div class=\"elementor-background-overlay\"><\/div>\n\t\t\t\t\t\t\t<div class=\"elementor-container elementor-column-gap-default\">\n\t\t\t\t\t<div class=\"elementor-column elementor-col-100 elementor-top-column elementor-element elementor-element-492ee75d\" data-id=\"492ee75d\" data-element_type=\"column\" data-e-type=\"column\">\n\t\t\t<div class=\"elementor-widget-wrap elementor-element-populated\">\n\t\t\t\t\t\t<div class=\"elementor-element elementor-element-393f265 elementor-widget elementor-widget-heading\" data-id=\"393f265\" data-element_type=\"widget\" data-e-type=\"widget\" id=\"por-que-expor\" data-widget_type=\"heading.default\">\n\t\t\t\t<div class=\"elementor-widget-container\">\n\t\t\t\t\t<h2 class=\"elementor-heading-title elementor-size-default\">TECHNICAL VISITS - LAVORO<\/h2>\t\t\t\t<\/div>\n\t\t\t\t<\/div>\n\t\t\t\t\t<\/div>\n\t\t<\/div>\n\t\t\t\t\t<\/div>\n\t\t<\/section>\n\t\t\t\t<section class=\"elementor-section elementor-top-section elementor-element elementor-element-12261aec elementor-section-boxed elementor-section-height-default elementor-section-height-default\" data-id=\"12261aec\" data-element_type=\"section\" data-e-type=\"section\">\n\t\t\t\t\t\t<div class=\"elementor-container elementor-column-gap-default\">\n\t\t\t\t\t<div class=\"elementor-column elementor-col-100 elementor-top-column elementor-element elementor-element-34e546f\" data-id=\"34e546f\" data-element_type=\"column\" data-e-type=\"column\">\n\t\t\t<div class=\"elementor-widget-wrap elementor-element-populated\">\n\t\t\t\t\t\t<div class=\"elementor-element elementor-element-2b3a6a2 elementor-widget elementor-widget-heading\" data-id=\"2b3a6a2\" data-element_type=\"widget\" data-e-type=\"widget\" data-widget_type=\"heading.default\">\n\t\t\t\t<div class=\"elementor-widget-container\">\n\t\t\t\t\t<h2 class=\"elementor-heading-title elementor-size-default\">TECHNICAL VISITS<\/h2>\t\t\t\t<\/div>\n\t\t\t\t<\/div>\n\t\t\t\t<div class=\"elementor-element elementor-element-c27dc65 elementor-widget elementor-widget-heading\" data-id=\"c27dc65\" data-element_type=\"widget\" data-e-type=\"widget\" data-widget_type=\"heading.default\">\n\t\t\t\t<div class=\"elementor-widget-container\">\n\t\t\t\t\t<h2 class=\"elementor-heading-title elementor-size-default\">SCHEDULE<\/h2>\t\t\t\t<\/div>\n\t\t\t\t<\/div>\n\t\t\t\t<div class=\"elementor-element elementor-element-8fe7fef elementor-widget elementor-widget-html\" data-id=\"8fe7fef\" data-element_type=\"widget\" data-e-type=\"widget\" data-widget_type=\"html.default\">\n\t\t\t\t<div class=\"elementor-widget-container\">\n\t\t\t\t\t<div style=\"font-family: 'Comfortaa', cursive; background-color: #f7f8fa; padding: 40px 20px; animation: fadeIn 1s ease-in-out; color: #6a6a6a; font-size: 20px; line-height: 1.9;\">\n\n  <div style=\"max-width: 950px; margin: 0 auto;\">\n\n \n\n    <p style=\"margin-bottom: 40px;\">\n Lavoro Solutions, in partnership with IFAT Brasil, is pleased to invite you to an exclusive technical visit to the operational units of Ecourbis Ambiental, Loga \u2013 S\u00e3o Paulo Environmental Logistics, and Essencis Solu\u00e7\u00f5es Ambientais, references in urban and industrial waste management in the city of S\u00e3o Paulo.\n    <\/p>\n\n    <p style=\"margin-bottom: 40px;\">\n This is an excellent opportunity to gain first-hand insight into the innovative processes and technologies applied in waste management and treatment, contributing to a more sustainable S\u00e3o Paulo.\n    <\/p>\n\n    <p style=\"margin-bottom: 20px;\"><strong>Who is the event for?<\/strong><\/p>\n    <ul style=\"margin-bottom: 40px; padding-left: 20px;\">\n      <li>Public managers in environmental affairs, urban cleaning, and sustainability<\/li>\n      <li>Sanitation and environmental engineers and technicians<\/li>\n      <li>Professionals from urban cleaning, waste collection, and disposal companies<\/li>\n      <li>Students and researchers in the environmental field<\/li>\n      <li>Representatives from regulatory bodies and environmental agencies<\/li>\n      <li>Members of waste picker cooperatives or associations<\/li>\n      <li>Environmental consultants and waste sector entrepreneurs<\/li>\n    <\/ul>\n\n    <p style=\"margin-bottom: 20px;\"><strong>Meeting Point:<br><\/strong>Est\u00e1dio Pacaembu, SP (Pra\u00e7a Charles Miller)<\/p>\n\n    <p style=\"margin-bottom: 20px;\"><strong>Prices:<\/strong><\/p>\n    <ul style=\"padding-left: 20px;\">\n      <li>Only on June 23 (Monday) \u2013 R$50<\/li>\n      <li>Only on June 24 (Tuesday) \u2013 R$50<\/li>\n      <li>Only on June 25 (Wednesday) \u2013 R$50<\/li>\n      <li>Only on June 27 (Friday) \u2013 R$50<\/li>\n      <li>All days \u2013 R$150<\/li>\n    <\/ul>\n\n  <\/div>\n<\/div>\n\t\t\t\t<\/div>\n\t\t\t\t<\/div>\n\t\t\t\t<div class=\"elementor-element elementor-element-dbed27b elementor-widget elementor-widget-html\" data-id=\"dbed27b\" data-element_type=\"widget\" data-e-type=\"widget\" data-widget_type=\"html.default\">\n\t\t\t\t<div class=\"elementor-widget-container\">\n\t\t\t\t\t<div style=\"font-family: 'Comfortaa', cursive; background-color: #f7f8fa; padding: 40px 20px; animation: fadeIn 1s ease-in-out; color: #6a6a6a; font-size: 18px; line-height: 1.9;\">\n  <div style=\"max-width: 1200px; margin: 0 auto; display: flex; flex-wrap: wrap; gap: 40px; justify-content: space-between;\">\n\n    <!-- Linha 1: Dias 23 e 25 -->\n    <div style=\"display: flex; flex: 1 1 100%; gap: 40px; flex-wrap: wrap; justify-content: space-between;\">\n      <!-- Dia 23 -->\n      <div style=\"flex: 1 1 48%; min-width: 280px;\">\n        <p style=\"font-size: 20px; font-weight: 700; margin-bottom: 10px; text-transform: uppercase;\">June 23<br>(Monday)<\/p>\n        <p><strong>Location:<\/strong><br>Central de Intelig\u00eancia da LOGA<br>Unidade Vila Maria <br>Av Morvan Dias de Figueiredo, 5479 - Vila Maria<\/p>\n        <p><strong>ITINERARY:<\/strong><br>1:00 PM \u2013 Gathering at the meeting point<br>1:20 PM \u2013 Bus departure<br>2:00 PM \u2013 Arrival at LOGA Intelligence Center<br>4:00 PM \u2013 Return to the meeting point\n        <\/p>\n      <\/div>\n\n      <!-- Dia 25 -->\n      <div style=\"flex: 1 1 48%; min-width: 280px;\">\n        <p style=\"font-size: 20px; font-weight: 700; margin-bottom: 10px; text-transform: uppercase;\">June 25<br>(Wednesday)<\/p>\n        <p><strong>Location:<\/strong><br>Aterro Sanit\u00e1rio CTL \u2013 Av. Sapopemba, 22.254<br>Cidade Sat\u00e9lite de Santa B\u00e1rbara <\/p>\n        <p><strong>ITINERARY<\/strong>:<br>8:00 AM \u2013 Gathering at the meeting point<br>8:20 AM \u2013 Bus departure<br>8:30 AM \u2013 Arrival at CTL Sanitary Landfill<br>1:00 PM \u2013 Departure to IFAT Brasil\n        <\/p>\n      <\/div>\n    <\/div>\n\n    <!-- Linha 2: Dias 24 e 27 -->\n    <div style=\"display: flex; flex: 1 1 100%; gap: 40px; flex-wrap: wrap; justify-content: space-between;\">\n      <!-- Dia 24 -->\n      <div style=\"flex: 1 1 48%; min-width: 280px;\">\n        <p style=\"font-size: 20px; font-weight: 700; margin-bottom: 10px; text-transform: uppercase;\">June 24<br>(Tuesday)<\/p>\n        <p><strong>Location:<\/strong><br>Triagem Mecanizada ECOURBIS \u2013 Av. Miguel Yunes, 345<br>Esta\u00e7\u00e3o de Transfer\u00eancia \u2013 R. Maestro Jo\u00e3o Batista Juli\u00e3o, 13 \n        <\/p>\n        <p><strong>ITINERARY<\/strong>:<br>8:00 AM \u2013 Gathering at the meeting point<br>8:20 AM \u2013 Bus departure<br>9:00 AM \u2013 Arrival at ECOURBIS Mechanical Sorting Facility<br>11:00 AM \u2013 Arrival at Transfer Station<br>12:00 PM \u2013 Return to the meeting point\n        <\/p>\n      <\/div>\n\n      <!-- Dia 27 -->\n      <div style=\"flex: 1 1 48%; min-width: 280px;\">\n        <p style=\"font-size: 20px; font-weight: 700; margin-bottom: 10px; text-transform: uppercase;\">June 27<br>(Friday)<\/p>\n        <p><strong>Location:<\/strong><br>Unidade de Valoriza\u00e7\u00e3o Sustent\u00e1vel Caieiras \u2013 ESSENCIS<br>Rod. dos Bandeirantes, km 33, Caieiras <\/p>\n        <p><strong>ITINERARY<\/strong>:<br>8:00 AM \u2013 Gathering at the meeting point<br>8:30 AM \u2013 Bus departure<br>10:00 AM \u2013 Arrival at the Sustainable Recovery Unit<br>1:00 PM \u2013 Departure to IFAT Brasil\n        <\/p>\n      <\/div>\n    <\/div>\n\n  <\/div>\n<\/div>\n\t\t\t\t<\/div>\n\t\t\t\t<\/div>\n\t\t\t\t<div class=\"elementor-element elementor-element-fd665e4 elementor-widget elementor-widget-html\" data-id=\"fd665e4\" data-element_type=\"widget\" data-e-type=\"widget\" data-widget_type=\"html.default\">\n\t\t\t\t<div class=\"elementor-widget-container\">\n\t\t\t\t\t<div style=\"text-align: center;\">\r\n  <a href=\"https:\/\/forms.gle\/NpUPSqaryJMfDirV7\" \r\n     target=\"_blank\"\r\n     style=\"display: inline-block; padding: 25px 60px; font-family: 'Comfortaa', cursive; font-size: 24px; font-weight: 900; color: white; background-color: #2ecc71; border-radius: 0; text-decoration: none; transition: transform 0.3s ease, background-color 0.3s ease;\">\r\n    REGISTER NOW\r\n  <\/a>\r\n<\/div>\r\n\r\n<style>\r\n  @import url('https:\/\/fonts.googleapis.com\/css2?family=Comfortaa:wght@400;700;900&display=swap');\r\n\r\n  a:hover {\r\n    background-color: #27ae60 !important;\r\n    transform: scale(1.05);\r\n  }\r\n<\/style>\r\n\t\t\t\t<\/div>\n\t\t\t\t<\/div>\n\t\t\t\t<div class=\"elementor-element elementor-element-6231817 elementor-widget elementor-widget-html\" data-id=\"6231817\" data-element_type=\"widget\" data-e-type=\"widget\" data-widget_type=\"html.default\">\n\t\t\t\t<div class=\"elementor-widget-container\">\n\t\t\t\t\t<div style=\"font-family: 'Comfortaa', cursive; background-color: #f7f8fa; padding: 40px 20px; animation: fadeIn 1s ease-in-out; color: #6a6a6a; font-size: 20px; line-height: 1.9;\">\n\n  <div style=\"max-width: 950px; margin: 0 auto;\">\n\n \n\n    <p style=\"margin-bottom: 40px;\">\n Attention:\nRegistration for the technical visits is individual. If you are attending with a companion or in a group, each participant must complete their own registration.\n    <\/ul>\n\n  <\/div>\n<\/div>\n\t\t\t\t<\/div>\n\t\t\t\t<\/div>\n\t\t\t\t\t<\/div>\n\t\t<\/div>\n\t\t\t\t\t<\/div>\n\t\t<\/section>\n\t\t<div class=\"elementor-element elementor-element-fae1394 e-flex e-con-boxed e-con e-parent\" data-id=\"fae1394\" data-element_type=\"container\" data-e-type=\"container\">\n\t\t\t\t\t<div class=\"e-con-inner\">\n\t\t<div class=\"elementor-element elementor-element-e210e2c e-con-full e-flex e-con e-child\" data-id=\"e210e2c\" data-element_type=\"container\" data-e-type=\"container\">\n\t\t\t\t<div class=\"elementor-element elementor-element-9313bda elementor-widget elementor-widget-image\" data-id=\"9313bda\" data-element_type=\"widget\" data-e-type=\"widget\" data-widget_type=\"image.default\">\n\t\t\t\t<div class=\"elementor-widget-container\">\n\t\t\t\t\t\t\t\t\t\t\t\t\t\t\t<img fetchpriority=\"high\" decoding=\"async\" width=\"300\" height=\"230\" src=\"https:\/\/ifatbrasil.com.br\/wp-content\/uploads\/2024\/04\/logo-lavoro.png\" class=\"attachment-large size-large wp-image-6966\" alt=\"\" \/>\t\t\t\t\t\t\t\t\t\t\t\t\t\t\t<\/div>\n\t\t\t\t<\/div>\n\t\t\t\t<\/div>\n\t\t<div class=\"elementor-element elementor-element-a011a34 e-con-full e-flex e-con e-child\" data-id=\"a011a34\" data-element_type=\"container\" data-e-type=\"container\">\n\t\t<div class=\"elementor-element elementor-element-6090ba8 e-con-full e-flex e-con e-child\" data-id=\"6090ba8\" data-element_type=\"container\" data-e-type=\"container\">\n\t\t\t\t<div class=\"elementor-element elementor-element-47b8de8 elementor-widget elementor-widget-text-editor\" data-id=\"47b8de8\" data-element_type=\"widget\" data-e-type=\"widget\" data-widget_type=\"text-editor.default\">\n\t\t\t\t<div class=\"elementor-widget-container\">\n\t\t\t\t\t\t\t\t\t<p><b><span data-contrast=\"auto\">More information:<\/span><\/b><span data-ccp-props=\"{}\"> <\/span><\/p><p><span data-contrast=\"auto\">Tel.: +55 (21) 2508-6154<\/span><span data-ccp-props=\"{}\"> <\/span><\/p><p><span data-contrast=\"auto\">Wpp.: +55 (21) 99508-4181 <\/span><span data-ccp-props=\"{}\"> <\/span><\/p><p><span data-contrast=\"auto\">E-mail: <\/span> <br><a href=\"contato@lavoro-solutions.com\"><span data-contrast=\"auto\">contato@lavoro-solutions.com<\/span><span data-ccp-props=\"{}\"> <\/span><\/a> <\/p><p><a href=\"igor.fletcher@lavoro-solutions.com\"><span data-contrast=\"auto\">igor.fletcher@lavoro-solutions.com<\/span><span data-ccp-props=\"{}\"> <\/span><\/a><\/p><p><a href=\"giuliana.lentino@lavoro-solutions.com\"><span data-contrast=\"auto\">giuliana.lentino@lavoro-solutions.com <\/span><span data-ccp-props=\"{}\"> <\/span><\/a><\/p><p><span data-ccp-props=\"{}\"> <\/span><\/p>\t\t\t\t\t\t\t\t<\/div>\n\t\t\t\t<\/div>\n\t\t\t\t<\/div>\n\t\t\t\t<\/div>\n\t\t\t\t\t<\/div>\n\t\t\t\t<\/div>\n\t\t<div class=\"elementor-element elementor-element-bddeda2 e-con-full e-flex e-con e-parent\" data-id=\"bddeda2\" data-element_type=\"container\" data-e-type=\"container\">\n\t\t\t\t<div class=\"elementor-element elementor-element-b28e4b9 elementor-widget elementor-widget-shortcode\" data-id=\"b28e4b9\" data-element_type=\"widget\" data-e-type=\"widget\" data-widget_type=\"shortcode.default\">\n\t\t\t\t<div class=\"elementor-widget-container\">\n\t\t\t\t\t\t\t<div class=\"elementor-shortcode\">\t\t<div data-elementor-type=\"container\" data-elementor-id=\"12840\" class=\"elementor elementor-12840 elementor-12806\" data-elementor-post-type=\"elementor_library\">\n\t\t\t\t<div class=\"elementor-element elementor-element-7708666a e-flex e-con-boxed e-con e-parent\" data-id=\"7708666a\" data-element_type=\"container\" data-e-type=\"container\" data-settings=\"{&quot;background_background&quot;:&quot;classic&quot;}\">\n\t\t\t\t\t<div class=\"e-con-inner\">\n\t\t<div class=\"elementor-element elementor-element-7b135bea e-con-full e-flex e-con e-child\" data-id=\"7b135bea\" data-element_type=\"container\" data-e-type=\"container\">\n\t\t\t\t<div class=\"elementor-element elementor-element-169eb363 elementor-widget elementor-widget-heading\" data-id=\"169eb363\" data-element_type=\"widget\" data-e-type=\"widget\" data-widget_type=\"heading.default\">\n\t\t\t\t<div class=\"elementor-widget-container\">\n\t\t\t\t\t<h2 class=\"elementor-heading-title elementor-size-default\"><div data-id=\"fbd51e0\" data-element_type=\"widget\" data-widget_type=\"heading.default\" style=\"align-self: auto;flex: 0 1 auto;align-items: normal;flex-flow: row;gap: normal;--widgets-spacing: 20px 20px;--widgets-spacing-row: 20px;--widgets-spacing-column: 20px;width: 1120.01px;margin-bottom: 20px;margin-block-end: 20px;color: #ffffff;font-family: 'Comfortaa', sans-serif;font-size: 16px;font-weight: 400;text-align: left\">\n    <div>\n        <h2 style=\"margin: 0\">\n            <span style=\"color: #ffffff;font-family: 'Comfortaa', sans-serif;font-size: 2rem;font-weight: 600\">\nReceive news from IFAT Brasil\n <\/span><\/h2><h2 style=\"margin: 0\"><span style=\"font-size: 16px\">Would you like to receive the latest news from the market and from the leading event in ambiental<br><br><\/span><\/h2><h2 style=\"margin: 0\"><span style=\"font-size: 16px\">&nbsp;technologies in Latin America?<\/span><\/h2><\/div><\/div>\n<\/h2>\t\t\t\t<\/div>\n\t\t\t\t<\/div>\n\t\t\t\t<div class=\"elementor-element elementor-element-482c9f4b seja-expositor-banner elementor-widget elementor-widget-button\" data-id=\"482c9f4b\" data-element_type=\"widget\" data-e-type=\"widget\" data-widget_type=\"button.default\">\n\t\t\t\t<div class=\"elementor-widget-container\">\n\t\t\t\t\t\t\t\t\t<div class=\"elementor-button-wrapper\">\n\t\t\t\t\t<a class=\"elementor-button elementor-button-link elementor-size-sm\" href=\"https:\/\/mm-br.activehosted.com\/f\/81\" target=\"_blank\">\n\t\t\t\t\t\t<span class=\"elementor-button-content-wrapper\">\n\t\t\t\t\t\t<span class=\"elementor-button-icon\">\n\t\t\t\t<svg xmlns=\"http:\/\/www.w3.org\/2000\/svg\" width=\"800px\" height=\"800px\" viewBox=\"0 0 24 24\" fill=\"none\"><path d=\"M4 7L10.94 11.3375C11.5885 11.7428 12.4115 11.7428 13.06 11.3375L20 7M5 18H19C20.1046 18 21 17.1046 21 16V8C21 6.89543 20.1046 6 19 6H5C3.89543 6 3 6.89543 3 8V16C3 17.1046 3.89543 18 5 18Z\" stroke=\"#000000\" stroke-width=\"2\" stroke-linecap=\"round\" stroke-linejoin=\"round\"><\/path><\/svg>\t\t\t<\/span>\n\t\t\t\t\t\t\t\t\t<span class=\"elementor-button-text\">Subscribe to Newsletter<\/span>\n\t\t\t\t\t<\/span>\n\t\t\t\t\t<\/a>\n\t\t\t\t<\/div>\n\t\t\t\t\t\t\t\t<\/div>\n\t\t\t\t<\/div>\n\t\t\t\t<\/div>\n\t\t\t\t\t<\/div>\n\t\t\t\t<\/div>\n\t\t\t\t<\/div>\n\t\t<\/div>\n\t\t\t\t\t\t<\/div>\n\t\t\t\t<\/div>\n\t\t\t\t<\/div>\n\t\t\t\t<section class=\"elementor-section elementor-top-section elementor-element elementor-element-710e01b elementor-section-boxed elementor-section-height-default elementor-section-height-default\" data-id=\"710e01b\" data-element_type=\"section\" data-e-type=\"section\" data-settings=\"{&quot;background_background&quot;:&quot;classic&quot;}\">\n\t\t\t\t\t\t<div class=\"elementor-container elementor-column-gap-default\">\n\t\t\t\t\t<div class=\"elementor-column elementor-col-100 elementor-top-column elementor-element elementor-element-a3705dd\" data-id=\"a3705dd\" data-element_type=\"column\" data-e-type=\"column\">\n\t\t\t<div class=\"elementor-widget-wrap elementor-element-populated\">\n\t\t\t\t\t\t<div class=\"elementor-element elementor-element-c42ddc2 elementor-widget elementor-widget-heading\" data-id=\"c42ddc2\" data-element_type=\"widget\" data-e-type=\"widget\" data-widget_type=\"heading.default\">\n\t\t\t\t<div class=\"elementor-widget-container\">\n\t\t\t\t\t<h2 class=\"elementor-heading-title elementor-size-default\">Receive news from IFAT Brasil<\/h2>\t\t\t\t<\/div>\n\t\t\t\t<\/div>\n\t\t\t\t<div class=\"elementor-element elementor-element-2582648 elementor-widget__width-initial elementor-widget-mobile__width-inherit elementor-widget elementor-widget-text-editor\" data-id=\"2582648\" data-element_type=\"widget\" data-e-type=\"widget\" data-widget_type=\"text-editor.default\">\n\t\t\t\t<div class=\"elementor-widget-container\">\n\t\t\t\t\t\t\t\t\t<p>Do you want to receive the main news from the market and the main environmental technology event in Latin America?<\/p>\t\t\t\t\t\t\t\t<\/div>\n\t\t\t\t<\/div>\n\t\t\t\t<div class=\"elementor-element elementor-element-b8c726b seja-expositor-banner elementor-widget elementor-widget-button\" data-id=\"b8c726b\" data-element_type=\"widget\" data-e-type=\"widget\" data-widget_type=\"button.default\">\n\t\t\t\t<div class=\"elementor-widget-container\">\n\t\t\t\t\t\t\t\t\t<div class=\"elementor-button-wrapper\">\n\t\t\t\t\t<a class=\"elementor-button elementor-button-link elementor-size-sm\" href=\"https:\/\/mm-br.activehosted.com\/f\/81\" target=\"_blank\">\n\t\t\t\t\t\t<span class=\"elementor-button-content-wrapper\">\n\t\t\t\t\t\t<span class=\"elementor-button-icon\">\n\t\t\t\t<i aria-hidden=\"true\" class=\"far fa-envelope\"><\/i>\t\t\t<\/span>\n\t\t\t\t\t\t\t\t\t<span class=\"elementor-button-text\">Subscribe to Newsletter<\/span>\n\t\t\t\t\t<\/span>\n\t\t\t\t\t<\/a>\n\t\t\t\t<\/div>\n\t\t\t\t\t\t\t\t<\/div>\n\t\t\t\t<\/div>\n\t\t\t\t\t<\/div>\n\t\t<\/div>\n\t\t\t\t\t<\/div>\n\t\t<\/section>\n\t\t\t\t<\/div>\n\t\t","protected":false},"excerpt":{"rendered":"<p>TECHNICAL VISITS &#8211; LAVORO TECHNICAL VISITS SCHEDULE Lavoro Solutions, in partnership with IFAT Brasil, is pleased to invite you to an exclusive technical visit to the operational units of Ecourbis Ambiental, Loga \u2013 S\u00e3o Paulo Environmental Logistics, and Essencis Solu\u00e7\u00f5es Ambientais, references in urban and industrial waste management in the city of S\u00e3o Paulo. This [&hellip;]<\/p>\n","protected":false},"author":4,"featured_media":0,"parent":0,"menu_order":0,"comment_status":"closed","ping_status":"closed","template":"","meta":{"_acf_changed":false,"footnotes":""},"class_list":["post-11849","page","type-page","status-publish","hentry"],"acf":[],"_links":{"self":[{"href":"https:\/\/ifatbrasil.com.br\/en\/wp-json\/wp\/v2\/pages\/11849","targetHints":{"allow":["GET"]}}],"collection":[{"href":"https:\/\/ifatbrasil.com.br\/en\/wp-json\/wp\/v2\/pages"}],"about":[{"href":"https:\/\/ifatbrasil.com.br\/en\/wp-json\/wp\/v2\/types\/page"}],"author":[{"embeddable":true,"href":"https:\/\/ifatbrasil.com.br\/en\/wp-json\/wp\/v2\/users\/4"}],"replies":[{"embeddable":true,"href":"https:\/\/ifatbrasil.com.br\/en\/wp-json\/wp\/v2\/comments?post=11849"}],"version-history":[{"count":27,"href":"https:\/\/ifatbrasil.com.br\/en\/wp-json\/wp\/v2\/pages\/11849\/revisions"}],"predecessor-version":[{"id":13859,"href":"https:\/\/ifatbrasil.com.br\/en\/wp-json\/wp\/v2\/pages\/11849\/revisions\/13859"}],"wp:attachment":[{"href":"https:\/\/ifatbrasil.com.br\/en\/wp-json\/wp\/v2\/media?parent=11849"}],"curies":[{"name":"wp","href":"https:\/\/api.w.org\/{rel}","templated":true}]}}