{"id":14709,"date":"2025-06-02T14:31:31","date_gmt":"2025-06-02T17:31:31","guid":{"rendered":"https:\/\/ifatbrasil.com.br\/solutions-lounge\/"},"modified":"2025-09-02T13:36:07","modified_gmt":"2025-09-02T16:36:07","slug":"solutions-lounge","status":"publish","type":"page","link":"https:\/\/ifatbrasil.com.br\/en\/solutions-lounge\/","title":{"rendered":"Solutions Lounge"},"content":{"rendered":"\t\t<div data-elementor-type=\"wp-page\" data-elementor-id=\"14709\" class=\"elementor elementor-14709 elementor-13643\" data-elementor-post-type=\"page\">\n\t\t\t\t\t\t<section class=\"elementor-section elementor-top-section elementor-element elementor-element-35563ea elementor-section-boxed elementor-section-height-default elementor-section-height-default\" data-id=\"35563ea\" data-element_type=\"section\" data-e-type=\"section\" data-settings=\"{&quot;background_background&quot;:&quot;classic&quot;}\">\n\t\t\t\t\t\t\t<div class=\"elementor-background-overlay\"><\/div>\n\t\t\t\t\t\t\t<div class=\"elementor-container elementor-column-gap-default\">\n\t\t\t\t\t<div class=\"elementor-column elementor-col-100 elementor-top-column elementor-element elementor-element-8228c3b\" data-id=\"8228c3b\" data-element_type=\"column\" data-e-type=\"column\">\n\t\t\t<div class=\"elementor-widget-wrap elementor-element-populated\">\n\t\t\t\t\t\t<div class=\"elementor-element elementor-element-8a7cf8e elementor-widget elementor-widget-heading\" data-id=\"8a7cf8e\" data-element_type=\"widget\" data-e-type=\"widget\" data-widget_type=\"heading.default\">\n\t\t\t\t<div class=\"elementor-widget-container\">\n\t\t\t\t\t<h1 class=\"elementor-heading-title elementor-size-default\">Solutions Lounge<\/h1>\t\t\t\t<\/div>\n\t\t\t\t<\/div>\n\t\t\t\t\t<\/div>\n\t\t<\/div>\n\t\t\t\t\t<\/div>\n\t\t<\/section>\n\t\t\t\t<section class=\"elementor-section elementor-top-section elementor-element elementor-element-a39ebff elementor-section-boxed elementor-section-height-default elementor-section-height-default\" data-id=\"a39ebff\" data-element_type=\"section\" data-e-type=\"section\" data-settings=\"{&quot;background_background&quot;:&quot;classic&quot;}\">\n\t\t\t\t\t\t<div class=\"elementor-container elementor-column-gap-default\">\n\t\t\t\t\t<div class=\"elementor-column elementor-col-100 elementor-top-column elementor-element elementor-element-0cdddf0\" data-id=\"0cdddf0\" data-element_type=\"column\" data-e-type=\"column\">\n\t\t\t<div class=\"elementor-widget-wrap elementor-element-populated\">\n\t\t\t\t\t\t<div class=\"elementor-element elementor-element-2c16287 elementor-widget elementor-widget-heading\" data-id=\"2c16287\" data-element_type=\"widget\" data-e-type=\"widget\" data-widget_type=\"heading.default\">\n\t\t\t\t<div class=\"elementor-widget-container\">\n\t\t\t\t\t<h2 class=\"elementor-heading-title elementor-size-default\">SOLUTIONS LOUNGE<\/h2>\t\t\t\t<\/div>\n\t\t\t\t<\/div>\n\t\t\t\t<section class=\"elementor-section elementor-inner-section elementor-element elementor-element-121b452a elementor-section-boxed elementor-section-height-default elementor-section-height-default\" data-id=\"121b452a\" data-element_type=\"section\" data-e-type=\"section\">\n\t\t\t\t\t\t<div class=\"elementor-container elementor-column-gap-default\">\n\t\t\t\t\t<div class=\"elementor-column elementor-col-100 elementor-inner-column elementor-element elementor-element-5fce61f3\" data-id=\"5fce61f3\" data-element_type=\"column\" data-e-type=\"column\">\n\t\t\t<div class=\"elementor-widget-wrap elementor-element-populated\">\n\t\t\t\t\t\t<div class=\"elementor-element elementor-element-5eb38e51 elementor-widget elementor-widget-text-editor\" data-id=\"5eb38e51\" data-element_type=\"widget\" data-e-type=\"widget\" data-widget_type=\"text-editor.default\">\n\t\t\t\t<div class=\"elementor-widget-container\">\n\t\t\t\t\t\t\t\t\t<p>During IFAT Brasil 2025, the <strong>Solutions Lounge <\/strong>was a space dedicated to presentations with technical and informative content, focused on the main challenges and innovations in the environmental sector.<\/p>\n<p>Each <strong>30-minute <\/strong>presentation showcased examples, experiences, and best practices from professionals working on the front lines of sector transformations.<br> <br> <br><\/p>\t\t\t\t\t\t\t\t<\/div>\n\t\t\t\t<\/div>\n\t\t\t\t\t<\/div>\n\t\t<\/div>\n\t\t\t\t\t<\/div>\n\t\t<\/section>\n\t\t\t\t<div class=\"elementor-element elementor-element-8d8dcad elementor-widget elementor-widget-gallery\" data-id=\"8d8dcad\" data-element_type=\"widget\" data-e-type=\"widget\" data-settings=\"{&quot;gallery_layout&quot;:&quot;justified&quot;,&quot;lazyload&quot;:&quot;yes&quot;,&quot;ideal_row_height&quot;:{&quot;unit&quot;:&quot;px&quot;,&quot;size&quot;:200,&quot;sizes&quot;:[]},&quot;ideal_row_height_tablet&quot;:{&quot;unit&quot;:&quot;px&quot;,&quot;size&quot;:150,&quot;sizes&quot;:[]},&quot;ideal_row_height_mobile&quot;:{&quot;unit&quot;:&quot;px&quot;,&quot;size&quot;:150,&quot;sizes&quot;:[]},&quot;gap&quot;:{&quot;unit&quot;:&quot;px&quot;,&quot;size&quot;:10,&quot;sizes&quot;:[]},&quot;gap_tablet&quot;:{&quot;unit&quot;:&quot;px&quot;,&quot;size&quot;:10,&quot;sizes&quot;:[]},&quot;gap_mobile&quot;:{&quot;unit&quot;:&quot;px&quot;,&quot;size&quot;:10,&quot;sizes&quot;:[]},&quot;link_to&quot;:&quot;file&quot;,&quot;overlay_background&quot;:&quot;yes&quot;,&quot;content_hover_animation&quot;:&quot;fade-in&quot;}\" data-widget_type=\"gallery.default\">\n\t\t\t\t<div class=\"elementor-widget-container\">\n\t\t\t\t\t\t\t<div class=\"elementor-gallery__container\">\n\t\t\t\t\t\t\t<a class=\"e-gallery-item elementor-gallery-item elementor-animated-content\" href=\"https:\/\/ifatbrasil.com.br\/wp-content\/uploads\/2025\/09\/Captura-de-tela-2025-09-01-170747.png\" data-elementor-open-lightbox=\"yes\" data-elementor-lightbox-slideshow=\"8d8dcad\" data-elementor-lightbox-title=\"Captura de tela 2025-09-01 170747\" data-e-action-hash=\"#elementor-action%3Aaction%3Dlightbox%26settings%3DeyJpZCI6MTY0MzgsInVybCI6Imh0dHBzOlwvXC9pZmF0YnJhc2lsLmNvbS5iclwvd3AtY29udGVudFwvdXBsb2Fkc1wvMjAyNVwvMDlcL0NhcHR1cmEtZGUtdGVsYS0yMDI1LTA5LTAxLTE3MDc0Ny5wbmciLCJzbGlkZXNob3ciOiI4ZDhkY2FkIn0%3D\">\n\t\t\t\t\t<div class=\"e-gallery-image elementor-gallery-item__image\" data-thumbnail=\"https:\/\/ifatbrasil.com.br\/wp-content\/uploads\/2025\/09\/Captura-de-tela-2025-09-01-170747-300x201.png\" data-width=\"300\" data-height=\"201\" aria-label=\"\" role=\"img\" ><\/div>\n\t\t\t\t\t\t\t\t\t\t\t<div class=\"elementor-gallery-item__overlay\"><\/div>\n\t\t\t\t\t\t\t\t\t\t\t\t\t\t<\/a>\n\t\t\t\t\t\t\t<a class=\"e-gallery-item elementor-gallery-item elementor-animated-content\" href=\"https:\/\/ifatbrasil.com.br\/wp-content\/uploads\/2025\/09\/Captura-de-tela-2025-09-01-170758.png\" data-elementor-open-lightbox=\"yes\" data-elementor-lightbox-slideshow=\"8d8dcad\" data-elementor-lightbox-title=\"Captura de tela 2025-09-01 170758\" data-e-action-hash=\"#elementor-action%3Aaction%3Dlightbox%26settings%3DeyJpZCI6MTY0NDEsInVybCI6Imh0dHBzOlwvXC9pZmF0YnJhc2lsLmNvbS5iclwvd3AtY29udGVudFwvdXBsb2Fkc1wvMjAyNVwvMDlcL0NhcHR1cmEtZGUtdGVsYS0yMDI1LTA5LTAxLTE3MDc1OC5wbmciLCJzbGlkZXNob3ciOiI4ZDhkY2FkIn0%3D\">\n\t\t\t\t\t<div class=\"e-gallery-image elementor-gallery-item__image\" data-thumbnail=\"https:\/\/ifatbrasil.com.br\/wp-content\/uploads\/2025\/09\/Captura-de-tela-2025-09-01-170758-300x192.png\" data-width=\"300\" data-height=\"192\" aria-label=\"\" role=\"img\" ><\/div>\n\t\t\t\t\t\t\t\t\t\t\t<div class=\"elementor-gallery-item__overlay\"><\/div>\n\t\t\t\t\t\t\t\t\t\t\t\t\t\t<\/a>\n\t\t\t\t\t\t\t<a class=\"e-gallery-item elementor-gallery-item elementor-animated-content\" href=\"https:\/\/ifatbrasil.com.br\/wp-content\/uploads\/2025\/09\/Captura-de-tela-2025-09-01-170811.png\" data-elementor-open-lightbox=\"yes\" data-elementor-lightbox-slideshow=\"8d8dcad\" data-elementor-lightbox-title=\"Captura de tela 2025-09-01 170811\" data-e-action-hash=\"#elementor-action%3Aaction%3Dlightbox%26settings%3DeyJpZCI6MTY0NDQsInVybCI6Imh0dHBzOlwvXC9pZmF0YnJhc2lsLmNvbS5iclwvd3AtY29udGVudFwvdXBsb2Fkc1wvMjAyNVwvMDlcL0NhcHR1cmEtZGUtdGVsYS0yMDI1LTA5LTAxLTE3MDgxMS5wbmciLCJzbGlkZXNob3ciOiI4ZDhkY2FkIn0%3D\">\n\t\t\t\t\t<div class=\"e-gallery-image elementor-gallery-item__image\" data-thumbnail=\"https:\/\/ifatbrasil.com.br\/wp-content\/uploads\/2025\/09\/Captura-de-tela-2025-09-01-170811-300x197.png\" data-width=\"300\" data-height=\"197\" aria-label=\"\" role=\"img\" ><\/div>\n\t\t\t\t\t\t\t\t\t\t\t<div class=\"elementor-gallery-item__overlay\"><\/div>\n\t\t\t\t\t\t\t\t\t\t\t\t\t\t<\/a>\n\t\t\t\t\t\t\t<a class=\"e-gallery-item elementor-gallery-item elementor-animated-content\" href=\"https:\/\/ifatbrasil.com.br\/wp-content\/uploads\/2025\/09\/Captura-de-tela-2025-09-01-170824.png\" data-elementor-open-lightbox=\"yes\" data-elementor-lightbox-slideshow=\"8d8dcad\" data-elementor-lightbox-title=\"Captura de tela 2025-09-01 170824\" data-e-action-hash=\"#elementor-action%3Aaction%3Dlightbox%26settings%3DeyJpZCI6MTY0NDcsInVybCI6Imh0dHBzOlwvXC9pZmF0YnJhc2lsLmNvbS5iclwvd3AtY29udGVudFwvdXBsb2Fkc1wvMjAyNVwvMDlcL0NhcHR1cmEtZGUtdGVsYS0yMDI1LTA5LTAxLTE3MDgyNC5wbmciLCJzbGlkZXNob3ciOiI4ZDhkY2FkIn0%3D\">\n\t\t\t\t\t<div class=\"e-gallery-image elementor-gallery-item__image\" data-thumbnail=\"https:\/\/ifatbrasil.com.br\/wp-content\/uploads\/2025\/09\/Captura-de-tela-2025-09-01-170824-300x196.png\" data-width=\"300\" data-height=\"196\" aria-label=\"\" role=\"img\" ><\/div>\n\t\t\t\t\t\t\t\t\t\t\t<div class=\"elementor-gallery-item__overlay\"><\/div>\n\t\t\t\t\t\t\t\t\t\t\t\t\t\t<\/a>\n\t\t\t\t\t<\/div>\n\t\t\t\t\t<\/div>\n\t\t\t\t<\/div>\n\t\t\t\t<div class=\"elementor-element elementor-element-2d6b037 elementor-widget elementor-widget-html\" data-id=\"2d6b037\" data-element_type=\"widget\" data-e-type=\"widget\" data-widget_type=\"html.default\">\n\t\t\t\t<div class=\"elementor-widget-container\">\n\t\t\t\t\t<!DOCTYPE html><html lang=\"pt-BR\"><head><meta charset=\"UTF-8\"><meta name=\"viewport\" content=\"width=device-width, initial-scale=1.0\"><link href=\"https:\/\/fonts.googleapis.com\/css2?family=Comfortaa&display=swap\" rel=\"stylesheet\"><style>body {\n      font-family: 'Comfortaa', sans-serif;\n      margin: 0;\n      padding: 20px;\n      box-sizing: border-box;\n      color: #000;\n    }\n    .container {\n      width: 100%;\n      max-width: 900px;\n      margin: 0 auto;\n    }\n    h2 {\n      color: #009640;\n      padding-bottom: 6px;\n      margin-top: 40px;\n      font-size: 1.5rem;\n    }\n    .bloco {\n      border: 2px solid #009640;\n      border-radius: 12px;\n      padding: 16px;\n      margin-bottom: 24px;\n      background-color: #fff;\n    }\n    .bloco strong {\n      display: block;\n      margin-bottom: 8px;\n      font-size: 1rem;\n    }\n    @media (max-width: 600px) {\n      .bloco {\n        padding: 14px;\n      }\n      h2 {\n        font-size: 1.25rem;\n      }\n    }\n  <\/style><\/head><body><div class=\"container\"><!DOCTYPE html><html lang=\"pt-BR\"><head><meta charset=\"UTF-8\"><meta name=\"viewport\" content=\"width=device-width, initial-scale=1.0\"><link href=\"https:\/\/fonts.googleapis.com\/css2?family=Comfortaa&display=swap\" rel=\"stylesheet\"><style>body {\n      font-family: 'Comfortaa', sans-serif;\n      margin: 0;\n      padding: 20px;\n      box-sizing: border-box;\n      color: #000;\n    }\n    .container {\n      width: 100%;\n      max-width: 900px;\n      margin: 0 auto;\n    }\n    h2 {\n      color: #009640;\n      padding-bottom: 6px;\n      margin-top: 40px;\n      font-size: 1.5rem;\n    }\n    .bloco {\n      border: 2px solid #009640;\n      border-radius: 12px;\n      padding: 16px;\n      margin-bottom: 24px;\n      background-color: #fff;\n    }\n    .bloco strong {\n      display: block;\n      margin-bottom: 8px;\n      font-size: 1rem;\n    }\n    @media (max-width: 600px) {\n      .bloco {\n        padding: 14px;\n      }\n      h2 {\n        font-size: 1.25rem;\n      }\n    }\n  <\/style><\/head><body><div class=\"container\"><h2>25 de junho (quarta-feira)<\/h2><div class=\"bloco\"><strong>14h00<\/strong><strong>ACOEM<\/strong><strong>Monitoramento de H2S e Metilmercaptnas - ETE S\u00e3o Lu\u00eds - SAMAE Jaragu\u00e1 do Sul - SC.<\/strong>Robson Silva \u2013 Acoem Brasil<br\/><\/div><div class=\"bloco\"><strong>14h30<\/strong><strong>Envimat<\/strong><strong>ENVIMAT \u2013 Tecnologias, M\u00e1quinas e Equipamentos para Meio Ambiente e Movimenta\u00e7\u00e3o de Materiais<\/strong>Carlos Alberto \u2013 ENVIMAT<br\/>Felipe Amaral \u2013 ENVIMAT<br\/>Leonardo Bastos \u2013 ECOMULTI<br\/><\/div><div class=\"bloco\"><strong>15h00<\/strong><strong>Stadler do Brasil<\/strong><strong>Efici\u00eancia e Inova\u00e7\u00e3o em Res\u00edduos S\u00f3lidos: O Case da Unidade de Triagem Mecanizada Jaboat\u00e3o da Orizon em parceria com a Stadler<\/strong>Henrique Filgueiras \u2013 Stadler do Brasil<br\/>Jo\u00e3o Audi \u2013 Orizon<br\/><\/div><div class=\"bloco\"><strong>15h30<\/strong><strong>AMBIENSYS<\/strong><strong>Estudo de Caso: Implanta\u00e7\u00e3o da Planta de Tratamento de Chorume Mais Tecnol\u00f3gica e Eficiente do Brasil.<\/strong>Evandro Garbin \u2013 Grupo Ambiensys\/Wehrle do Brasil<br\/>Pablo \u2013 Grupo Lara<br\/><\/div><div class=\"bloco\"><strong>16h00<\/strong><strong>Engelmann (INTER)<\/strong><strong>Economia de \u00e1gua atrav\u00e9s de leitura remota de hidr\u00f4metros<\/strong>Benedikt Heid \u2013 Engelmann Sensor GmbH<br\/><\/div><div class=\"bloco\"><strong>16h30<\/strong><strong>PHYTORESTORE<\/strong><\/div><div class=\"bloco\"><strong>17h00<\/strong><strong>Tholander (INTER)<\/strong><strong>Semeando Ar Limpo: A Jornada do Tratamento Biol\u00f3gico por um Mundo Melhor<\/strong>Hans-J\u00fcrgen St\u00f6rtz \u2013 Tholander GmbH<br\/>Raissa Cadima \u2013 Tholander GmbH<br\/><\/div><div class=\"bloco\"><strong>17h30<\/strong><strong>Improv<\/strong><strong>IMPLANTA\u00c7\u00c3O DE ELEVAT\u00d3RIA DE ESGOTO EM LINHA (SBL)<\/strong>Tullio Eduardo \u2013 ENG. CIVIL<br\/>Thiago Vendemiatti \u2013 Improv Equipamentos<br\/><\/div><div class=\"bloco\"><strong>18h00<\/strong><strong>Economy Solution<\/strong><strong>Customized Vacuum & Process Engineering for High-Performance Industries<\/strong>Abhishek Sharma \u2013 Economy Process Solutions Pvt Ltd\n      <strong>18h30<\/strong><strong>Economy Solution<\/strong>Jagdish Kende \u2013 Economy Process Solutions Pvt Ltd<br><\/div><\/div><\/body><\/html><h2>26 de junho (quinta-feira)<\/h2><div class=\"bloco\"><strong>14h00<\/strong><strong>NETZSCH<\/strong><strong>Sistema de monitoramento remoto na prepara\u00e7\u00e3o e distribui\u00e7\u00e3o de \u00e1gua pot\u00e1vel em munic\u00edpio de 38mil habitantes<\/strong>Andr\u00e9 Anjos \u2013 NETZSCH<br>Mayra Rego \u2013 Pomerwasser Ambiental<br><\/div><div class=\"bloco\"><strong>14h30<\/strong><strong>ECOURBIS<\/strong><strong>Concess\u00e3o dos servi\u00e7os p\u00fablicos de coleta, transporte, tratamento e destina\u00e7\u00e3o final de res\u00edduos s\u00f3lidos: As estrat\u00e9gias da cidade de S\u00e3o Paulo para ser cada vez mais sustent\u00e1vel<\/strong>Jo\u00e3o Manoel da Costa Neto \u2013 SP Regula<br>Ervino Nitz Filho \u2013 Ecourbis Ambiental<br><\/div><div class=\"bloco\"><strong>15h00<\/strong><strong>Cetrel<\/strong><strong>Primeira Resposta a Emerg\u00eancias Qu\u00edmicas<\/strong>Claudio Galante \u2013 Cetrel<br>Ricardo Monteiro \u2013 Reguladora Pamcary<br><\/div><div class=\"bloco\"><strong>15h30<\/strong><strong>KMU LOFT<\/strong><strong>Re\u00faso total de \u00e1guas residuais em revestimentos industriais sustent\u00e1veis<\/strong>Mr. Gianluigi Bianco \u2013 KMU LOFT Cleanwater SE (Germany)<br>Mr. Cristian Kompare \u2013 Pratic (Italy)<br><\/div><div class=\"bloco\"><strong>16h00<\/strong><strong>Pieralizi<\/strong><strong>Pieralisi e Sabesp<\/strong>Patrick Wallace \u2013 Pieralisi do Brasil<br>Ricardo Mattos \u2013 Pieralisi do Brasil<br>Erivandro Sampaio \u2013 Sabesp<br><\/div><div class=\"bloco\"><strong>16h30<\/strong><strong>Grupo SyGeCom<\/strong><strong>Transformando a gest\u00e3o de empresas de reciclagem e gest\u00e3o de res\u00edduos<\/strong>Valdnei Machado (Dinho) \u2013 Grupo SyGeCom<br><\/div><div class=\"bloco\"><strong>17h00<\/strong><strong>WEG<\/strong><strong>WEG e KRONOX<\/strong>Est\u00e1cio de Lima Cavalcante J\u00fanior \u2013 WEG<br>Jo\u00e3o Victor Rodrigues \u2013 Kronox<br><\/div><div class=\"bloco\"><strong>17h30<\/strong><strong>Paques<\/strong><strong>Biotecnologia para Tratamento de Efluentes Industriais<\/strong>Nivaldo Dias \u2013 Paques<br>Amanda Correia G. Fidelis \u2013 AMBEV<br><\/div><div class=\"bloco\"><strong>18h00<\/strong><strong>ADS TIGRE<\/strong><strong>Mont Blanc by CREAR com ADS Tigre<\/strong>Matheus Furlan da Silva \u2013 Mont Blanc<br>Mateus Carvalho da Silva \u2013 Mont Blanc<br>Jefferson Inoue \u2013 ADS Tigre<br><\/div><div class=\"bloco\"><strong>18h30<\/strong><strong>Acqua Expert<\/strong><strong>Ensaios Respirom\u00e9tricos Aplicados \u00e0 Gest\u00e3o de Toxicidade em Sistemas de Lodos Ativados de Ind\u00fastrias de Celulose<\/strong>Ana Luiza F\u00e1varo \u2013 ACQUA EXPERT Engenharia Ambiental<br>Marcio Gomes \u2013 Sylvamo<br><\/div><h2>27 de junho (sexta-feira)<\/h2><div class=\"bloco\"><strong>14h00<\/strong><strong>ECOSAN<\/strong><strong>ETE e ETA Modular para a Universaliza\u00e7\u00e3o do Saneamento<\/strong>Talita Carvalho \u2013 ECOSAN<br>Nicolas Garcia Scaglioni \u2013 Aqua Virtus<br><\/div><div class=\"bloco\"><strong>14h30<\/strong><strong>MIGRA (parte da negocia\u00e7\u00e3o)<\/strong><strong>Gest\u00e3o Inteligente: O Futuro da Reciclagem Atrav\u00e9s dos Dados<\/strong>Pedro Scussel \u2013 Migra<br>Jonatan Vedoy \u2013 Tecnova<br><\/div><div class=\"bloco\"><strong>15h00<\/strong><strong>GreenPlat<\/strong><strong>GreenPlat: (R)evolucionando a Gest\u00e3o de Res\u00edduos com tecnologia.<\/strong>Mariana Porto \u2013 GreenPlat<br>Franciele Cust\u00f3dio \u2013 Leroy Merlin<br><\/div><div class=\"bloco\"><strong>15h30<\/strong><strong>AERZEN<\/strong><strong>Estabilidade operacional em sistemas de aera\u00e7\u00e3o<\/strong>Luis Miguel Jimenez \u2013 AERZEN Mexico<br>Renato Smaniotto \u2013 TAE - Tigre \u00c1guas e Efluentes<br><\/div><div class=\"bloco\"><strong>16h00<\/strong><strong>Tietjen (INTER)<\/strong><strong>Pr\u00e9-tratamento Eficiente de RSU e Res\u00edduos Agroindustriais para Valoriza\u00e7\u00e3o com Gera\u00e7\u00e3o Otimizada de Biog\u00e1s e Digestato de Alta Pureza<\/strong>Arturo Sanchez \u2013 Tietjen Verfahrenstechnik GmbH<br><\/div><div class=\"bloco\"><strong>16h30<\/strong><strong>POLICONTROL<\/strong <strong>  Diferen\u00e7as de tecnologia na an\u00e1lise de org\u00e2nico<\/strong><br\/>Rafael Santos - Consultor comercial - Policontrol\n\t\t <br\/>Rodrigo Massao - SABESP\n<\/div><div class=\"bloco\"><strong>17h00<\/strong><strong>AMBIPAR<\/strong><strong>Gest\u00e3o Sustent\u00e1vel da \u00c1gua: O Caso do Porto do A\u00e7u<\/strong>Fernando de Barros Pereira \u2013 AMBIPAR<br\/><\/div><\/div><\/body><\/html>\t\t\t\t<\/div>\n\t\t\t\t<\/div>\n\t\t\t\t\t<\/div>\n\t\t<\/div>\n\t\t\t\t\t<\/div>\n\t\t<\/section>\n\t\t\t\t<section class=\"elementor-section elementor-top-section elementor-element elementor-element-377e507 elementor-section-boxed elementor-section-height-default elementor-section-height-default\" data-id=\"377e507\" data-element_type=\"section\" data-e-type=\"section\" data-settings=\"{&quot;background_background&quot;:&quot;classic&quot;}\">\n\t\t\t\t\t\t<div class=\"elementor-container elementor-column-gap-default\">\n\t\t\t\t\t<div class=\"elementor-column elementor-col-100 elementor-top-column elementor-element elementor-element-674acdd\" data-id=\"674acdd\" data-element_type=\"column\" data-e-type=\"column\">\n\t\t\t<div class=\"elementor-widget-wrap elementor-element-populated\">\n\t\t\t\t\t\t<div class=\"elementor-element elementor-element-688fc67 elementor-widget elementor-widget-heading\" data-id=\"688fc67\" data-element_type=\"widget\" data-e-type=\"widget\" data-widget_type=\"heading.default\">\n\t\t\t\t<div class=\"elementor-widget-container\">\n\t\t\t\t\t<h2 class=\"elementor-heading-title elementor-size-default\">Receive news from IFAT Brasil<\/h2>\t\t\t\t<\/div>\n\t\t\t\t<\/div>\n\t\t\t\t<div class=\"elementor-element elementor-element-afa0834 elementor-widget__width-initial elementor-widget-mobile__width-inherit elementor-widget elementor-widget-text-editor\" data-id=\"afa0834\" data-element_type=\"widget\" data-e-type=\"widget\" data-widget_type=\"text-editor.default\">\n\t\t\t\t<div class=\"elementor-widget-container\">\n\t\t\t\t\t\t\t\t\t<p>Do you want to receive the main news from the market and the main environmental technology event in Latin America?<\/p>\t\t\t\t\t\t\t\t<\/div>\n\t\t\t\t<\/div>\n\t\t\t\t<div class=\"elementor-element elementor-element-6835e95 seja-expositor-banner elementor-widget elementor-widget-button\" data-id=\"6835e95\" data-element_type=\"widget\" data-e-type=\"widget\" data-widget_type=\"button.default\">\n\t\t\t\t<div class=\"elementor-widget-container\">\n\t\t\t\t\t\t\t\t\t<div class=\"elementor-button-wrapper\">\n\t\t\t\t\t<a class=\"elementor-button elementor-button-link elementor-size-sm\" href=\"https:\/\/mm-br.activehosted.com\/f\/81\" target=\"_blank\">\n\t\t\t\t\t\t<span class=\"elementor-button-content-wrapper\">\n\t\t\t\t\t\t<span class=\"elementor-button-icon\">\n\t\t\t\t<i aria-hidden=\"true\" class=\"far fa-envelope\"><\/i>\t\t\t<\/span>\n\t\t\t\t\t\t\t\t\t<span class=\"elementor-button-text\">Subscribe to Newsletter<\/span>\n\t\t\t\t\t<\/span>\n\t\t\t\t\t<\/a>\n\t\t\t\t<\/div>\n\t\t\t\t\t\t\t\t<\/div>\n\t\t\t\t<\/div>\n\t\t\t\t\t<\/div>\n\t\t<\/div>\n\t\t\t\t\t<\/div>\n\t\t<\/section>\n\t\t\t\t<\/div>\n\t\t","protected":false},"excerpt":{"rendered":"<p>Solutions Lounge SOLUTIONS LOUNGE During IFAT Brasil 2025, the Solutions Lounge was a space dedicated to presentations with technical and informative content, focused on the main challenges and innovations in the environmental sector. Each 30-minute presentation showcased examples, experiences, and best practices from professionals working on the front lines of sector transformations. 25 de junho [&hellip;]<\/p>\n","protected":false},"author":4,"featured_media":0,"parent":0,"menu_order":0,"comment_status":"closed","ping_status":"closed","template":"","meta":{"_acf_changed":false,"footnotes":""},"class_list":["post-14709","page","type-page","status-publish","hentry"],"acf":[],"_links":{"self":[{"href":"https:\/\/ifatbrasil.com.br\/en\/wp-json\/wp\/v2\/pages\/14709","targetHints":{"allow":["GET"]}}],"collection":[{"href":"https:\/\/ifatbrasil.com.br\/en\/wp-json\/wp\/v2\/pages"}],"about":[{"href":"https:\/\/ifatbrasil.com.br\/en\/wp-json\/wp\/v2\/types\/page"}],"author":[{"embeddable":true,"href":"https:\/\/ifatbrasil.com.br\/en\/wp-json\/wp\/v2\/users\/4"}],"replies":[{"embeddable":true,"href":"https:\/\/ifatbrasil.com.br\/en\/wp-json\/wp\/v2\/comments?post=14709"}],"version-history":[{"count":17,"href":"https:\/\/ifatbrasil.com.br\/en\/wp-json\/wp\/v2\/pages\/14709\/revisions"}],"predecessor-version":[{"id":16540,"href":"https:\/\/ifatbrasil.com.br\/en\/wp-json\/wp\/v2\/pages\/14709\/revisions\/16540"}],"wp:attachment":[{"href":"https:\/\/ifatbrasil.com.br\/en\/wp-json\/wp\/v2\/media?parent=14709"}],"curies":[{"name":"wp","href":"https:\/\/api.w.org\/{rel}","templated":true}]}}