{"id":15552,"date":"2025-06-23T11:56:27","date_gmt":"2025-06-23T14:56:27","guid":{"rendered":"https:\/\/ifatbrasil.com.br\/descarbonizacion-de-ifat-brasil-2\/"},"modified":"2025-09-02T12:30:29","modified_gmt":"2025-09-02T15:30:29","slug":"descarbonizacion-de-ifat-brasil-2025","status":"publish","type":"page","link":"https:\/\/ifatbrasil.com.br\/es\/descarbonizacion-de-ifat-brasil-2025\/","title":{"rendered":"Descarbonizaci\u00f3n de IFAT Brasil"},"content":{"rendered":"\t\t<div data-elementor-type=\"wp-page\" data-elementor-id=\"15552\" class=\"elementor elementor-15552 elementor-15540\" data-elementor-post-type=\"page\">\n\t\t\t\t\t\t<section class=\"elementor-section elementor-top-section elementor-element elementor-element-35563ea elementor-section-boxed elementor-section-height-default elementor-section-height-default\" data-id=\"35563ea\" data-element_type=\"section\" data-e-type=\"section\" data-settings=\"{&quot;background_background&quot;:&quot;classic&quot;}\">\n\t\t\t\t\t\t\t<div class=\"elementor-background-overlay\"><\/div>\n\t\t\t\t\t\t\t<div class=\"elementor-container elementor-column-gap-default\">\n\t\t\t\t\t<div class=\"elementor-column elementor-col-100 elementor-top-column elementor-element elementor-element-8228c3b\" data-id=\"8228c3b\" data-element_type=\"column\" data-e-type=\"column\">\n\t\t\t<div class=\"elementor-widget-wrap elementor-element-populated\">\n\t\t\t\t\t\t<div class=\"elementor-element elementor-element-8a7cf8e elementor-widget elementor-widget-heading\" data-id=\"8a7cf8e\" data-element_type=\"widget\" data-e-type=\"widget\" data-widget_type=\"heading.default\">\n\t\t\t\t<div class=\"elementor-widget-container\">\n\t\t\t\t\t<h1 class=\"elementor-heading-title elementor-size-default\">Descarbonizaci\u00f3n de IFAT Brasil 2025<\/h1>\t\t\t\t<\/div>\n\t\t\t\t<\/div>\n\t\t\t\t<div class=\"elementor-element elementor-element-c195bd7 elementor-widget__width-initial elementor-widget-mobile__width-inherit elementor-widget elementor-widget-text-editor\" data-id=\"c195bd7\" data-element_type=\"widget\" data-e-type=\"widget\" data-widget_type=\"text-editor.default\">\n\t\t\t\t<div class=\"elementor-widget-container\">\n\t\t\t\t\t\t\t\t\t<p>Soluciones sostenibles en todos los sentidos<\/p>\t\t\t\t\t\t\t\t<\/div>\n\t\t\t\t<\/div>\n\t\t\t\t\t<\/div>\n\t\t<\/div>\n\t\t\t\t\t<\/div>\n\t\t<\/section>\n\t\t\t\t<section class=\"elementor-section elementor-top-section elementor-element elementor-element-a39ebff elementor-section-boxed elementor-section-height-default elementor-section-height-default\" data-id=\"a39ebff\" data-element_type=\"section\" data-e-type=\"section\" data-settings=\"{&quot;background_background&quot;:&quot;classic&quot;}\">\n\t\t\t\t\t\t<div class=\"elementor-container elementor-column-gap-default\">\n\t\t\t\t\t<div class=\"elementor-column elementor-col-100 elementor-top-column elementor-element elementor-element-0cdddf0\" data-id=\"0cdddf0\" data-element_type=\"column\" data-e-type=\"column\">\n\t\t\t<div class=\"elementor-widget-wrap elementor-element-populated\">\n\t\t\t\t\t\t<section class=\"elementor-section elementor-inner-section elementor-element elementor-element-121b452a elementor-section-boxed elementor-section-height-default elementor-section-height-default\" data-id=\"121b452a\" data-element_type=\"section\" data-e-type=\"section\">\n\t\t\t\t\t\t<div class=\"elementor-container elementor-column-gap-default\">\n\t\t\t\t\t<div class=\"elementor-column elementor-col-100 elementor-inner-column elementor-element elementor-element-5fce61f3\" data-id=\"5fce61f3\" data-element_type=\"column\" data-e-type=\"column\">\n\t\t\t<div class=\"elementor-widget-wrap elementor-element-populated\">\n\t\t\t\t\t\t<div class=\"elementor-element elementor-element-15d7c548 elementor-widget elementor-widget-heading\" data-id=\"15d7c548\" data-element_type=\"widget\" data-e-type=\"widget\" data-widget_type=\"heading.default\">\n\t\t\t\t<div class=\"elementor-widget-container\">\n\t\t\t\t\t<h2 class=\"elementor-heading-title elementor-size-default\">\u00bfSab\u00edas que la IFAT Brasil 2025 cont\u00f3 con un proyecto de descarbonizaci\u00f3n realizado por Ambify, siguiendo los protocolos 1 y 2 de GEI?<\/h2>\t\t\t\t<\/div>\n\t\t\t\t<\/div>\n\t\t\t\t<div class=\"elementor-element elementor-element-3d83288 elementor-widget elementor-widget-text-editor\" data-id=\"3d83288\" data-element_type=\"widget\" data-e-type=\"widget\" data-widget_type=\"text-editor.default\">\n\t\t\t\t<div class=\"elementor-widget-container\">\n\t\t\t\t\t\t\t\t\t<h5><strong><b>\u00bfC\u00f3mo se llev\u00f3 a cabo la descarbonizaci\u00f3n de la IFAT Brasil 2025?<\/b><\/strong><\/h5><p>Durante el evento se realizaron las mediciones de emisiones y, al finalizar, la compensaci\u00f3n se efectu\u00f3 mediante la adquisici\u00f3n de cr\u00e9ditos de carbono con certificaci\u00f3n internacional. Estos cr\u00e9ditos pueden provenir de proyectos forestales, soluciones de manejo de tierras, alternativas de fuentes energ\u00e9ticas, entre otros. <\/p>\t\t\t\t\t\t\t\t<\/div>\n\t\t\t\t<\/div>\n\t\t\t\t\t<\/div>\n\t\t<\/div>\n\t\t\t\t\t<\/div>\n\t\t<\/section>\n\t\t\t\t<div class=\"elementor-element elementor-element-752803c elementor-widget elementor-widget-image\" data-id=\"752803c\" data-element_type=\"widget\" data-e-type=\"widget\" data-widget_type=\"image.default\">\n\t\t\t\t<div class=\"elementor-widget-container\">\n\t\t\t\t\t\t\t\t\t\t\t\t\t\t\t<img fetchpriority=\"high\" decoding=\"async\" width=\"1024\" height=\"696\" src=\"https:\/\/ifatbrasil.com.br\/wp-content\/uploads\/2025\/08\/Captura-de-tela-2025-08-26-110648-1024x696.png\" class=\"attachment-large size-large wp-image-16177\" alt=\"\" srcset=\"https:\/\/ifatbrasil.com.br\/wp-content\/uploads\/2025\/08\/Captura-de-tela-2025-08-26-110648-1024x696.png 1024w, https:\/\/ifatbrasil.com.br\/wp-content\/uploads\/2025\/08\/Captura-de-tela-2025-08-26-110648-300x204.png 300w, https:\/\/ifatbrasil.com.br\/wp-content\/uploads\/2025\/08\/Captura-de-tela-2025-08-26-110648-768x522.png 768w, https:\/\/ifatbrasil.com.br\/wp-content\/uploads\/2025\/08\/Captura-de-tela-2025-08-26-110648.png 1261w\" sizes=\"(max-width: 1024px) 100vw, 1024px\" \/>\t\t\t\t\t\t\t\t\t\t\t\t\t\t\t<\/div>\n\t\t\t\t<\/div>\n\t\t\t\t<section class=\"elementor-section elementor-inner-section elementor-element elementor-element-85ee32a elementor-section-boxed elementor-section-height-default elementor-section-height-default\" data-id=\"85ee32a\" data-element_type=\"section\" data-e-type=\"section\">\n\t\t\t\t\t\t<div class=\"elementor-container elementor-column-gap-default\">\n\t\t\t\t\t<div class=\"elementor-column elementor-col-100 elementor-inner-column elementor-element elementor-element-6698080\" data-id=\"6698080\" data-element_type=\"column\" data-e-type=\"column\">\n\t\t\t<div class=\"elementor-widget-wrap elementor-element-populated\">\n\t\t\t\t\t\t<div class=\"elementor-element elementor-element-7779cbc elementor-widget elementor-widget-text-editor\" data-id=\"7779cbc\" data-element_type=\"widget\" data-e-type=\"widget\" data-widget_type=\"text-editor.default\">\n\t\t\t\t<div class=\"elementor-widget-container\">\n\t\t\t\t\t\t\t\t\t<h5><b>\u00bfPor qu\u00e9 descarbonizar el evento?<\/b><\/h5><p style=\"font-weight: 400;\">Vivimos un momento en el que el equilibrio entre la naturaleza y el desarrollo humano requiere especial atenci\u00f3n. Ya hablamos de regenerar en lugar de solo preservar, y este tema est\u00e1 presente en empresas, organizaciones y en la sociedad en general. El compromiso colectivo es fundamental para garantizar un futuro m\u00e1s sostenible para nuestro planeta.  <\/p><p>Con esta iniciativa, queremos acercar a\u00fan m\u00e1s el tema de la descarbonizaci\u00f3n a todos los p\u00fablicos, promoviendo la concienciaci\u00f3n y fomentando pr\u00e1cticas que contribuyan a un impacto positivo en el d\u00eda a d\u00eda.<\/p>\t\t\t\t\t\t\t\t<\/div>\n\t\t\t\t<\/div>\n\t\t\t\t\t<\/div>\n\t\t<\/div>\n\t\t\t\t\t<\/div>\n\t\t<\/section>\n\t\t\t\t<section class=\"elementor-section elementor-inner-section elementor-element elementor-element-06884aa elementor-section-boxed elementor-section-height-default elementor-section-height-default\" data-id=\"06884aa\" data-element_type=\"section\" data-e-type=\"section\">\n\t\t\t\t\t\t<div class=\"elementor-container elementor-column-gap-default\">\n\t\t\t\t\t<div class=\"elementor-column elementor-col-100 elementor-inner-column elementor-element elementor-element-3343e57\" data-id=\"3343e57\" data-element_type=\"column\" data-e-type=\"column\">\n\t\t\t<div class=\"elementor-widget-wrap elementor-element-populated\">\n\t\t\t\t\t\t<div class=\"elementor-element elementor-element-32b9d40 elementor-widget elementor-widget-text-editor\" data-id=\"32b9d40\" data-element_type=\"widget\" data-e-type=\"widget\" data-widget_type=\"text-editor.default\">\n\t\t\t\t<div class=\"elementor-widget-container\">\n\t\t\t\t\t\t\t\t\t<p>Patrocinadores Institucionales<\/p>\t\t\t\t\t\t\t\t<\/div>\n\t\t\t\t<\/div>\n\t\t\t\t\t<\/div>\n\t\t<\/div>\n\t\t\t\t\t<\/div>\n\t\t<\/section>\n\t\t\t\t<section class=\"elementor-section elementor-inner-section elementor-element elementor-element-225019a elementor-section-boxed elementor-section-height-default elementor-section-height-default\" data-id=\"225019a\" data-element_type=\"section\" data-e-type=\"section\">\n\t\t\t\t\t\t<div class=\"elementor-container elementor-column-gap-default\">\n\t\t\t\t\t<div class=\"elementor-column elementor-col-33 elementor-inner-column elementor-element elementor-element-bbb4cfd\" data-id=\"bbb4cfd\" data-element_type=\"column\" data-e-type=\"column\">\n\t\t\t<div class=\"elementor-widget-wrap\">\n\t\t\t\t\t\t\t<\/div>\n\t\t<\/div>\n\t\t\t\t<div class=\"elementor-column elementor-col-33 elementor-inner-column elementor-element elementor-element-9bf5ce0\" data-id=\"9bf5ce0\" data-element_type=\"column\" data-e-type=\"column\">\n\t\t\t<div class=\"elementor-widget-wrap elementor-element-populated\">\n\t\t\t\t\t\t<div class=\"elementor-element elementor-element-2595a40 elementor-widget elementor-widget-image\" data-id=\"2595a40\" data-element_type=\"widget\" data-e-type=\"widget\" data-widget_type=\"image.default\">\n\t\t\t\t<div class=\"elementor-widget-container\">\n\t\t\t\t\t\t\t\t\t\t\t\t\t\t\t\t<a href=\"https:\/\/ambipar.com\/?c=brazil\" target=\"_blank\">\n\t\t\t\t\t\t\t<img decoding=\"async\" width=\"300\" height=\"230\" src=\"https:\/\/ifatbrasil.com.br\/wp-content\/uploads\/2024\/04\/logo-ambipar.png\" class=\"attachment-large size-large wp-image-7019\" alt=\"\" \/>\t\t\t\t\t\t\t\t<\/a>\n\t\t\t\t\t\t\t\t\t\t\t\t\t\t\t<\/div>\n\t\t\t\t<\/div>\n\t\t\t\t\t<\/div>\n\t\t<\/div>\n\t\t\t\t<div class=\"elementor-column elementor-col-33 elementor-inner-column elementor-element elementor-element-f3b73f4 elementor-hidden-mobile\" data-id=\"f3b73f4\" data-element_type=\"column\" data-e-type=\"column\">\n\t\t\t<div class=\"elementor-widget-wrap\">\n\t\t\t\t\t\t\t<\/div>\n\t\t<\/div>\n\t\t\t\t\t<\/div>\n\t\t<\/section>\n\t\t\t\t<section class=\"elementor-section elementor-inner-section elementor-element elementor-element-13e3d2e elementor-section-boxed elementor-section-height-default elementor-section-height-default\" data-id=\"13e3d2e\" data-element_type=\"section\" data-e-type=\"section\">\n\t\t\t\t\t\t<div class=\"elementor-container elementor-column-gap-default\">\n\t\t\t\t\t<div class=\"elementor-column elementor-col-100 elementor-inner-column elementor-element elementor-element-36532aa\" data-id=\"36532aa\" data-element_type=\"column\" data-e-type=\"column\">\n\t\t\t<div class=\"elementor-widget-wrap elementor-element-populated\">\n\t\t\t\t\t\t<div class=\"elementor-element elementor-element-84d4794 elementor-widget elementor-widget-text-editor\" data-id=\"84d4794\" data-element_type=\"widget\" data-e-type=\"widget\" data-widget_type=\"text-editor.default\">\n\t\t\t\t<div class=\"elementor-widget-container\">\n\t\t\t\t\t\t\t\t\t<p>Realizaci\u00f3n<\/p>\t\t\t\t\t\t\t\t<\/div>\n\t\t\t\t<\/div>\n\t\t\t\t\t<\/div>\n\t\t<\/div>\n\t\t\t\t\t<\/div>\n\t\t<\/section>\n\t\t\t\t<section class=\"elementor-section elementor-inner-section elementor-element elementor-element-ff80386 elementor-section-boxed elementor-section-height-default elementor-section-height-default\" data-id=\"ff80386\" data-element_type=\"section\" data-e-type=\"section\">\n\t\t\t\t\t\t<div class=\"elementor-container elementor-column-gap-default\">\n\t\t\t\t\t<div class=\"elementor-column elementor-col-25 elementor-inner-column elementor-element elementor-element-9c11053\" data-id=\"9c11053\" data-element_type=\"column\" data-e-type=\"column\">\n\t\t\t<div class=\"elementor-widget-wrap\">\n\t\t\t\t\t\t\t<\/div>\n\t\t<\/div>\n\t\t\t\t<div class=\"elementor-column elementor-col-25 elementor-inner-column elementor-element elementor-element-e60ff70\" data-id=\"e60ff70\" data-element_type=\"column\" data-e-type=\"column\">\n\t\t\t<div class=\"elementor-widget-wrap elementor-element-populated\">\n\t\t\t\t\t\t<div class=\"elementor-element elementor-element-a4f55db elementor-widget elementor-widget-image\" data-id=\"a4f55db\" data-element_type=\"widget\" data-e-type=\"widget\" data-widget_type=\"image.default\">\n\t\t\t\t<div class=\"elementor-widget-container\">\n\t\t\t\t\t\t\t\t\t\t\t\t\t\t\t<img decoding=\"async\" width=\"300\" height=\"230\" src=\"https:\/\/ifatbrasil.com.br\/wp-content\/uploads\/2024\/04\/logo-ambify.png\" class=\"attachment-large size-large wp-image-6975\" alt=\"\" \/>\t\t\t\t\t\t\t\t\t\t\t\t\t\t\t<\/div>\n\t\t\t\t<\/div>\n\t\t\t\t\t<\/div>\n\t\t<\/div>\n\t\t\t\t<div class=\"elementor-column elementor-col-25 elementor-inner-column elementor-element elementor-element-badb31f\" data-id=\"badb31f\" data-element_type=\"column\" data-e-type=\"column\">\n\t\t\t<div class=\"elementor-widget-wrap elementor-element-populated\">\n\t\t\t\t\t\t<div class=\"elementor-element elementor-element-6c23b0e elementor-widget elementor-widget-image\" data-id=\"6c23b0e\" data-element_type=\"widget\" data-e-type=\"widget\" data-widget_type=\"image.default\">\n\t\t\t\t<div class=\"elementor-widget-container\">\n\t\t\t\t\t\t\t\t\t\t\t\t\t\t\t<img loading=\"lazy\" decoding=\"async\" width=\"592\" height=\"431\" src=\"https:\/\/ifatbrasil.com.br\/wp-content\/uploads\/2023\/06\/logo-ifat.png\" class=\"attachment-large size-large wp-image-6069\" alt=\"\" srcset=\"https:\/\/ifatbrasil.com.br\/wp-content\/uploads\/2023\/06\/logo-ifat.png 592w, https:\/\/ifatbrasil.com.br\/wp-content\/uploads\/2023\/06\/logo-ifat-300x218.png 300w\" sizes=\"(max-width: 592px) 100vw, 592px\" \/>\t\t\t\t\t\t\t\t\t\t\t\t\t\t\t<\/div>\n\t\t\t\t<\/div>\n\t\t\t\t\t<\/div>\n\t\t<\/div>\n\t\t\t\t<div class=\"elementor-column elementor-col-25 elementor-inner-column elementor-element elementor-element-44e7e92 elementor-hidden-mobile\" data-id=\"44e7e92\" data-element_type=\"column\" data-e-type=\"column\">\n\t\t\t<div class=\"elementor-widget-wrap\">\n\t\t\t\t\t\t\t<\/div>\n\t\t<\/div>\n\t\t\t\t\t<\/div>\n\t\t<\/section>\n\t\t\t\t<div class=\"elementor-element elementor-element-1c64176 seja-expositor-banner elementor-align-center elementor-widget elementor-widget-button\" data-id=\"1c64176\" data-element_type=\"widget\" data-e-type=\"widget\" data-widget_type=\"button.default\">\n\t\t\t\t<div class=\"elementor-widget-container\">\n\t\t\t\t\t\t\t\t\t<div class=\"elementor-button-wrapper\">\n\t\t\t\t\t<a class=\"elementor-button elementor-button-link elementor-size-sm\" href=\"https:\/\/www.ambify.com\/\" target=\"_blank\">\n\t\t\t\t\t\t<span class=\"elementor-button-content-wrapper\">\n\t\t\t\t\t\t\t\t\t<span class=\"elementor-button-text\">M\u00e1s informaci\u00f3n sobre Ambify<\/span>\n\t\t\t\t\t<\/span>\n\t\t\t\t\t<\/a>\n\t\t\t\t<\/div>\n\t\t\t\t\t\t\t\t<\/div>\n\t\t\t\t<\/div>\n\t\t\t\t\t<\/div>\n\t\t<\/div>\n\t\t\t\t\t<\/div>\n\t\t<\/section>\n\t\t\t\t<section class=\"elementor-section elementor-top-section elementor-element elementor-element-725dcc5 elementor-section-boxed elementor-section-height-default elementor-section-height-default\" data-id=\"725dcc5\" data-element_type=\"section\" data-e-type=\"section\" data-settings=\"{&quot;background_background&quot;:&quot;classic&quot;}\">\n\t\t\t\t\t\t<div class=\"elementor-container elementor-column-gap-default\">\n\t\t\t\t\t<div class=\"elementor-column elementor-col-100 elementor-top-column elementor-element elementor-element-f29a663\" data-id=\"f29a663\" data-element_type=\"column\" data-e-type=\"column\">\n\t\t\t<div class=\"elementor-widget-wrap elementor-element-populated\">\n\t\t\t\t\t\t<div class=\"elementor-element elementor-element-b45d586 elementor-widget elementor-widget-heading\" data-id=\"b45d586\" data-element_type=\"widget\" data-e-type=\"widget\" data-widget_type=\"heading.default\">\n\t\t\t\t<div class=\"elementor-widget-container\">\n\t\t\t\t\t<h2 class=\"elementor-heading-title elementor-size-default\">Recibe nuestro bolet\u00edn<\/h2>\t\t\t\t<\/div>\n\t\t\t\t<\/div>\n\t\t\t\t<div class=\"elementor-element elementor-element-c81ad31 elementor-widget__width-initial elementor-widget-mobile__width-inherit elementor-widget elementor-widget-text-editor\" data-id=\"c81ad31\" data-element_type=\"widget\" data-e-type=\"widget\" data-widget_type=\"text-editor.default\">\n\t\t\t\t<div class=\"elementor-widget-container\">\n\t\t\t\t\t\t\t\t\t<p>\u00bfQuieres recibir las principales novedades del mercado y el principal evento de tecnolog\u00eda ambiental de Am\u00e9rica Latina?<\/p>\t\t\t\t\t\t\t\t<\/div>\n\t\t\t\t<\/div>\n\t\t\t\t<div class=\"elementor-element elementor-element-7f2f0a0 seja-expositor-banner elementor-widget elementor-widget-button\" data-id=\"7f2f0a0\" data-element_type=\"widget\" data-e-type=\"widget\" data-widget_type=\"button.default\">\n\t\t\t\t<div class=\"elementor-widget-container\">\n\t\t\t\t\t\t\t\t\t<div class=\"elementor-button-wrapper\">\n\t\t\t\t\t<a class=\"elementor-button elementor-button-link elementor-size-sm\" href=\"https:\/\/mm-br.activehosted.com\/f\/81\" target=\"_blank\">\n\t\t\t\t\t\t<span class=\"elementor-button-content-wrapper\">\n\t\t\t\t\t\t<span class=\"elementor-button-icon\">\n\t\t\t\t<i aria-hidden=\"true\" class=\"far fa-envelope\"><\/i>\t\t\t<\/span>\n\t\t\t\t\t\t\t\t\t<span class=\"elementor-button-text\">Suscribirse a newsletter<\/span>\n\t\t\t\t\t<\/span>\n\t\t\t\t\t<\/a>\n\t\t\t\t<\/div>\n\t\t\t\t\t\t\t\t<\/div>\n\t\t\t\t<\/div>\n\t\t\t\t\t<\/div>\n\t\t<\/div>\n\t\t\t\t\t<\/div>\n\t\t<\/section>\n\t\t\t\t<\/div>\n\t\t","protected":false},"excerpt":{"rendered":"<p>Descarbonizaci\u00f3n de IFAT Brasil 2025 Soluciones sostenibles en todos los sentidos \u00bfSab\u00edas que la IFAT Brasil 2025 cont\u00f3 con un proyecto de descarbonizaci\u00f3n realizado por Ambify, siguiendo los protocolos 1 y 2 de GEI? \u00bfC\u00f3mo se llev\u00f3 a cabo la descarbonizaci\u00f3n de la IFAT Brasil 2025? Durante el evento se realizaron las mediciones de emisiones [&hellip;]<\/p>\n","protected":false},"author":4,"featured_media":0,"parent":0,"menu_order":0,"comment_status":"closed","ping_status":"closed","template":"","meta":{"_acf_changed":false,"footnotes":""},"class_list":["post-15552","page","type-page","status-publish","hentry"],"acf":[],"_links":{"self":[{"href":"https:\/\/ifatbrasil.com.br\/es\/wp-json\/wp\/v2\/pages\/15552","targetHints":{"allow":["GET"]}}],"collection":[{"href":"https:\/\/ifatbrasil.com.br\/es\/wp-json\/wp\/v2\/pages"}],"about":[{"href":"https:\/\/ifatbrasil.com.br\/es\/wp-json\/wp\/v2\/types\/page"}],"author":[{"embeddable":true,"href":"https:\/\/ifatbrasil.com.br\/es\/wp-json\/wp\/v2\/users\/4"}],"replies":[{"embeddable":true,"href":"https:\/\/ifatbrasil.com.br\/es\/wp-json\/wp\/v2\/comments?post=15552"}],"version-history":[{"count":2,"href":"https:\/\/ifatbrasil.com.br\/es\/wp-json\/wp\/v2\/pages\/15552\/revisions"}],"predecessor-version":[{"id":16510,"href":"https:\/\/ifatbrasil.com.br\/es\/wp-json\/wp\/v2\/pages\/15552\/revisions\/16510"}],"wp:attachment":[{"href":"https:\/\/ifatbrasil.com.br\/es\/wp-json\/wp\/v2\/media?parent=15552"}],"curies":[{"name":"wp","href":"https:\/\/api.w.org\/{rel}","templated":true}]}}