{"id":9023,"date":"2024-04-09T14:39:57","date_gmt":"2024-04-09T17:39:57","guid":{"rendered":"https:\/\/ifatbrasil.com.br\/too-good-to-waste-2024\/"},"modified":"2025-02-06T07:55:17","modified_gmt":"2025-02-06T10:55:17","slug":"too-good-to-waste-2024","status":"publish","type":"page","link":"https:\/\/ifatbrasil.com.br\/es\/too-good-to-waste-2024\/","title":{"rendered":"Too Good to Waste 2024"},"content":{"rendered":"\t\t<div data-elementor-type=\"wp-page\" data-elementor-id=\"9023\" class=\"elementor elementor-9023 elementor-4700\" data-elementor-post-type=\"page\">\n\t\t\t\t\t\t<section class=\"elementor-section elementor-top-section elementor-element elementor-element-45c57c5c elementor-section-boxed elementor-section-height-default elementor-section-height-default\" data-id=\"45c57c5c\" data-element_type=\"section\" data-e-type=\"section\" data-settings=\"{&quot;background_background&quot;:&quot;classic&quot;}\">\n\t\t\t\t\t\t\t<div class=\"elementor-background-overlay\"><\/div>\n\t\t\t\t\t\t\t<div class=\"elementor-container elementor-column-gap-default\">\n\t\t\t\t\t<div class=\"elementor-column elementor-col-100 elementor-top-column elementor-element elementor-element-492ee75d\" data-id=\"492ee75d\" data-element_type=\"column\" data-e-type=\"column\">\n\t\t\t<div class=\"elementor-widget-wrap elementor-element-populated\">\n\t\t\t\t\t\t<div class=\"elementor-element elementor-element-393f265 elementor-widget elementor-widget-heading\" data-id=\"393f265\" data-element_type=\"widget\" data-e-type=\"widget\" id=\"por-que-expor\" data-widget_type=\"heading.default\">\n\t\t\t\t<div class=\"elementor-widget-container\">\n\t\t\t\t\t<h2 class=\"elementor-heading-title elementor-size-default\">Too Good to Waste - 2024<\/h2>\t\t\t\t<\/div>\n\t\t\t\t<\/div>\n\t\t\t\t<div class=\"elementor-element elementor-element-4c43a12 elementor-widget elementor-widget-heading\" data-id=\"4c43a12\" data-element_type=\"widget\" data-e-type=\"widget\" data-widget_type=\"heading.default\">\n\t\t\t\t<div class=\"elementor-widget-container\">\n\t\t\t\t\t<h2 class=\"elementor-heading-title elementor-size-default\">Iniciativa para mitigar las emisiones de Metano proveniente de residuos en Am\u00e9rica Latina y el Caribe<\/h2>\t\t\t\t<\/div>\n\t\t\t\t<\/div>\n\t\t\t\t\t<\/div>\n\t\t<\/div>\n\t\t\t\t\t<\/div>\n\t\t<\/section>\n\t\t\t\t<section class=\"elementor-section elementor-top-section elementor-element elementor-element-51d04225 elementor-section-boxed elementor-section-height-default elementor-section-height-default\" data-id=\"51d04225\" data-element_type=\"section\" data-e-type=\"section\">\n\t\t\t\t\t\t<div class=\"elementor-container elementor-column-gap-default\">\n\t\t\t\t\t<div class=\"elementor-column elementor-col-100 elementor-top-column elementor-element elementor-element-77e9205d\" data-id=\"77e9205d\" data-element_type=\"column\" data-e-type=\"column\" data-settings=\"{&quot;background_background&quot;:&quot;classic&quot;}\">\n\t\t\t<div class=\"elementor-widget-wrap elementor-element-populated\">\n\t\t\t\t\t\t<div class=\"elementor-element elementor-element-8f77ef2 elementor-widget elementor-widget-text-editor\" data-id=\"8f77ef2\" data-element_type=\"widget\" data-e-type=\"widget\" data-widget_type=\"text-editor.default\">\n\t\t\t\t<div class=\"elementor-widget-container\">\n\t\t\t\t\t\t\t\t\t<p><strong>Fecha<\/strong>: 25 de abril<br \/><strong>Local<\/strong>: Sala 210 A \u2013 Mezanino Pavilh\u00e3o 5 \u2013 S\u00e3o Paulo Expo<br \/><strong>Horario<\/strong>: 09:30 \u2013 17:00<\/p>\n\t\t\t\t\t\t\t\t<\/div>\n\t\t\t\t<\/div>\n\t\t\t\t<div class=\"elementor-element elementor-element-54df3d5 elementor-widget elementor-widget-image\" data-id=\"54df3d5\" data-element_type=\"widget\" data-e-type=\"widget\" data-widget_type=\"image.default\">\n\t\t\t\t<div class=\"elementor-widget-container\">\n\t\t\t\t\t\t\t\t\t\t\t\t\t\t\t<img fetchpriority=\"high\" decoding=\"async\" width=\"1024\" height=\"469\" src=\"https:\/\/ifatbrasil.com.br\/wp-content\/uploads\/2024\/04\/BANNER-SITE-TOO-GOOD-TO-WASTE-1024x469.png\" class=\"attachment-large size-large wp-image-6989\" alt=\"\" srcset=\"https:\/\/ifatbrasil.com.br\/wp-content\/uploads\/2024\/04\/BANNER-SITE-TOO-GOOD-TO-WASTE-1024x469.png 1024w, https:\/\/ifatbrasil.com.br\/wp-content\/uploads\/2024\/04\/BANNER-SITE-TOO-GOOD-TO-WASTE-300x137.png 300w, https:\/\/ifatbrasil.com.br\/wp-content\/uploads\/2024\/04\/BANNER-SITE-TOO-GOOD-TO-WASTE-768x352.png 768w, https:\/\/ifatbrasil.com.br\/wp-content\/uploads\/2024\/04\/BANNER-SITE-TOO-GOOD-TO-WASTE.png 1199w\" sizes=\"(max-width: 1024px) 100vw, 1024px\" \/>\t\t\t\t\t\t\t\t\t\t\t\t\t\t\t<\/div>\n\t\t\t\t<\/div>\n\t\t\t\t<div class=\"elementor-element elementor-element-39d2560 elementor-widget elementor-widget-text-editor\" data-id=\"39d2560\" data-element_type=\"widget\" data-e-type=\"widget\" data-widget_type=\"text-editor.default\">\n\t\t\t\t<div class=\"elementor-widget-container\">\n\t\t\t\t\t\t\t\t\t<p>El Banco Interamericano de Desarrollo (BID) es una de las instituciones m\u00e1s presentes en el continente americano para el desarrollo de proyectos que fomenten la transici\u00f3n tecnol\u00f3gica verde y apoyen cada vez m\u00e1s la descarbonizaci\u00f3n.<\/p>\n<p>El Banco Interamericano de Desarrollo (BID) lanz\u00f3 la iniciativ<span style=\"text-decoration: underline;\">a<\/span> <a href=\"https:\/\/www.iadb.org\/es\/whats-our-impact\/RG-T4317\" target=\"_blank\" rel=\"noopener\">Too Good to Waste<\/a> para acelerar la ejecuci\u00f3n de proyectos de gesti\u00f3n de residuos s\u00f3lidos en Am\u00e9rica Latina y el Caribe con el objetivo de mitigar las emisiones de metano asociadas.<\/p>\n<p>Con el apoyo financiero del Global Methane Hub y el fondo multidonantes Aquafund, la iniciativa pretende contribuir a reducir las emisiones de metano en al menos un 30% en las operaciones de residuos s\u00f3lidos financiadas por el Banco, en consonancia con el objetivo de <span style=\"text-decoration: underline;\">la<\/span> <a href=\"https:\/\/www.globalmethanepledge.org\/\" target=\"_blank\" rel=\"noopener\">Global Methane Pledge<\/a>.<\/p>\n<p>El 25 de abril en IFAT Brasil, los visitantes tendr\u00e1n el placer de participar en el evento organizado por el BID para celebrar el intercambio de tecnolog\u00eda y conocimientos sobre las transiciones y avances para reducir la contribuci\u00f3n de carbono equivalente a la atm\u00f3sfera a trav\u00e9s de la manipulaci\u00f3n de residuos.<\/p>\n<p>El panel contar\u00e1 con m\u00e1s de 12 ponentes nacionales e internacionales y ser\u00e1 una cita ineludible para los entusiastas del sector y los exploradores de nuevos proyectos de valorizaci\u00f3n energ\u00e9tica de residuos y alternativas para la gesti\u00f3n de residuos s\u00f3lidos.<\/p>\n\t\t\t\t\t\t\t\t<\/div>\n\t\t\t\t<\/div>\n\t\t\t\t<div class=\"elementor-element elementor-element-5c8ea9a elementor-widget elementor-widget-text-editor\" data-id=\"5c8ea9a\" data-element_type=\"widget\" data-e-type=\"widget\" data-widget_type=\"text-editor.default\">\n\t\t\t\t<div class=\"elementor-widget-container\">\n\t\t\t\t\t\t\t\t\t<p><iframe title=\"YouTube video player\" src=\"https:\/\/www.youtube.com\/embed\/u6C5dsqVMV8?si=wKybNxyae-6IM6nV\" width=\"560\" height=\"450\" frameborder=\"0\" allowfullscreen=\"allowfullscreen\"><\/iframe><\/p>\n\t\t\t\t\t\t\t\t<\/div>\n\t\t\t\t<\/div>\n\t\t\t\t<div class=\"elementor-element elementor-element-cf0362a elementor-widget elementor-widget-text-editor\" data-id=\"cf0362a\" data-element_type=\"widget\" data-e-type=\"widget\" data-widget_type=\"text-editor.default\">\n\t\t\t\t<div class=\"elementor-widget-container\">\n\t\t\t\t\t\t\t\t\t<p><b>Calendario:<\/b><\/p>\n\t\t\t\t\t\t\t\t<\/div>\n\t\t\t\t<\/div>\n\t\t\t\t<section class=\"elementor-section elementor-inner-section elementor-element elementor-element-8489543 elementor-section-boxed elementor-section-height-default elementor-section-height-default\" data-id=\"8489543\" data-element_type=\"section\" data-e-type=\"section\">\n\t\t\t\t\t\t<div class=\"elementor-container elementor-column-gap-default\">\n\t\t\t\t\t<div class=\"elementor-column elementor-col-100 elementor-inner-column elementor-element elementor-element-fe49402\" data-id=\"fe49402\" data-element_type=\"column\" data-e-type=\"column\">\n\t\t\t<div class=\"elementor-widget-wrap\">\n\t\t\t\t\t\t\t<\/div>\n\t\t<\/div>\n\t\t\t\t\t<\/div>\n\t\t<\/section>\n\t\t\t\t<div class=\"elementor-element elementor-element-639381a elementor-widget elementor-widget-text-editor\" data-id=\"639381a\" data-element_type=\"widget\" data-e-type=\"widget\" data-widget_type=\"text-editor.default\">\n\t\t\t\t<div class=\"elementor-widget-container\">\n\t\t\t\t\t\t\t\t\t<p><strong>ADVERTENCIA<\/strong>: La participaci\u00f3n en los actos gratuitos se har\u00e1 por orden de llegada y estar\u00e1 sujeta al aforo de la sala. La inscripci\u00f3n no garantiza la participaci\u00f3n. Recomendamos a los inscritos que lleguen con antelaci\u00f3n.  <\/p>\n<p>(*) Programa sujeto a cambios hasta la fecha del evento.<\/p>\n\t\t\t\t\t\t\t\t<\/div>\n\t\t\t\t<\/div>\n\t\t\t\t<section class=\"elementor-section elementor-inner-section elementor-element elementor-element-76351e3 elementor-section-boxed elementor-section-height-default elementor-section-height-default\" data-id=\"76351e3\" data-element_type=\"section\" data-e-type=\"section\">\n\t\t\t\t\t\t<div class=\"elementor-container elementor-column-gap-default\">\n\t\t\t\t\t<div class=\"elementor-column elementor-col-100 elementor-inner-column elementor-element elementor-element-8aeca55\" data-id=\"8aeca55\" data-element_type=\"column\" data-e-type=\"column\">\n\t\t\t<div class=\"elementor-widget-wrap elementor-element-populated\">\n\t\t\t\t\t\t<div class=\"elementor-element elementor-element-721ae57 elementor-widget elementor-widget-text-editor\" data-id=\"721ae57\" data-element_type=\"widget\" data-e-type=\"widget\" data-widget_type=\"text-editor.default\">\n\t\t\t\t<div class=\"elementor-widget-container\">\n\t\t\t\t\t\t\t\t\t<p>Realizaci\u00f3n<\/p>\n\t\t\t\t\t\t\t\t<\/div>\n\t\t\t\t<\/div>\n\t\t\t\t\t<\/div>\n\t\t<\/div>\n\t\t\t\t\t<\/div>\n\t\t<\/section>\n\t\t\t\t<section class=\"elementor-section elementor-inner-section elementor-element elementor-element-1c433fe elementor-section-boxed elementor-section-height-default elementor-section-height-default\" data-id=\"1c433fe\" data-element_type=\"section\" data-e-type=\"section\">\n\t\t\t\t\t\t<div class=\"elementor-container elementor-column-gap-default\">\n\t\t\t\t\t<div class=\"elementor-column elementor-col-33 elementor-inner-column elementor-element elementor-element-0fe3866\" data-id=\"0fe3866\" data-element_type=\"column\" data-e-type=\"column\">\n\t\t\t<div class=\"elementor-widget-wrap\">\n\t\t\t\t\t\t\t<\/div>\n\t\t<\/div>\n\t\t\t\t<div class=\"elementor-column elementor-col-33 elementor-inner-column elementor-element elementor-element-8da7c44\" data-id=\"8da7c44\" data-element_type=\"column\" data-e-type=\"column\">\n\t\t\t<div class=\"elementor-widget-wrap elementor-element-populated\">\n\t\t\t\t\t\t<div class=\"elementor-element elementor-element-001584c elementor-widget elementor-widget-image\" data-id=\"001584c\" data-element_type=\"widget\" data-e-type=\"widget\" data-widget_type=\"image.default\">\n\t\t\t\t<div class=\"elementor-widget-container\">\n\t\t\t\t\t\t\t\t\t\t\t\t\t\t\t\t<a href=\"https:\/\/www.iadb.org\/pt-br%20%20\" target=\"_blank\">\n\t\t\t\t\t\t\t<img decoding=\"async\" width=\"300\" height=\"230\" src=\"https:\/\/ifatbrasil.com.br\/wp-content\/uploads\/2024\/04\/logo-bid-1.png\" class=\"attachment-large size-large wp-image-6991\" alt=\"\" \/>\t\t\t\t\t\t\t\t<\/a>\n\t\t\t\t\t\t\t\t\t\t\t\t\t\t\t<\/div>\n\t\t\t\t<\/div>\n\t\t\t\t\t<\/div>\n\t\t<\/div>\n\t\t\t\t<div class=\"elementor-column elementor-col-33 elementor-inner-column elementor-element elementor-element-8140ec2 elementor-hidden-mobile\" data-id=\"8140ec2\" data-element_type=\"column\" data-e-type=\"column\">\n\t\t\t<div class=\"elementor-widget-wrap\">\n\t\t\t\t\t\t\t<\/div>\n\t\t<\/div>\n\t\t\t\t\t<\/div>\n\t\t<\/section>\n\t\t\t\t\t<\/div>\n\t\t<\/div>\n\t\t\t\t\t<\/div>\n\t\t<\/section>\n\t\t\t\t<section class=\"elementor-section elementor-top-section elementor-element elementor-element-196691d elementor-section-boxed elementor-section-height-default elementor-section-height-default\" data-id=\"196691d\" data-element_type=\"section\" data-e-type=\"section\" data-settings=\"{&quot;background_background&quot;:&quot;classic&quot;}\">\n\t\t\t\t\t\t<div class=\"elementor-container elementor-column-gap-default\">\n\t\t\t\t\t<div class=\"elementor-column elementor-col-100 elementor-top-column elementor-element elementor-element-8729937\" data-id=\"8729937\" data-element_type=\"column\" data-e-type=\"column\">\n\t\t\t<div class=\"elementor-widget-wrap elementor-element-populated\">\n\t\t\t\t\t\t<div class=\"elementor-element elementor-element-c517ccb elementor-widget elementor-widget-heading\" data-id=\"c517ccb\" data-element_type=\"widget\" data-e-type=\"widget\" data-widget_type=\"heading.default\">\n\t\t\t\t<div class=\"elementor-widget-container\">\n\t\t\t\t\t<h2 class=\"elementor-heading-title elementor-size-default\">Recibe nuestro bolet\u00edn<\/h2>\t\t\t\t<\/div>\n\t\t\t\t<\/div>\n\t\t\t\t<div class=\"elementor-element elementor-element-cea7bd1 elementor-widget__width-initial elementor-widget-mobile__width-inherit elementor-widget elementor-widget-text-editor\" data-id=\"cea7bd1\" data-element_type=\"widget\" data-e-type=\"widget\" data-widget_type=\"text-editor.default\">\n\t\t\t\t<div class=\"elementor-widget-container\">\n\t\t\t\t\t\t\t\t\t<p>\u00bfQuieres recibir las principales novedades del mercado y el principal evento de tecnolog\u00eda ambiental de Am\u00e9rica Latina?<\/p>\n\t\t\t\t\t\t\t\t<\/div>\n\t\t\t\t<\/div>\n\t\t\t\t<div class=\"elementor-element elementor-element-0b0b900 seja-expositor-banner elementor-widget elementor-widget-button\" data-id=\"0b0b900\" data-element_type=\"widget\" data-e-type=\"widget\" data-widget_type=\"button.default\">\n\t\t\t\t<div class=\"elementor-widget-container\">\n\t\t\t\t\t\t\t\t\t<div class=\"elementor-button-wrapper\">\n\t\t\t\t\t<a class=\"elementor-button elementor-button-link elementor-size-sm\" href=\"https:\/\/mm-br.activehosted.com\/f\/81\" target=\"_blank\">\n\t\t\t\t\t\t<span class=\"elementor-button-content-wrapper\">\n\t\t\t\t\t\t<span class=\"elementor-button-icon\">\n\t\t\t\t<i aria-hidden=\"true\" class=\"far fa-envelope\"><\/i>\t\t\t<\/span>\n\t\t\t\t\t\t\t\t\t<span class=\"elementor-button-text\">Suscribirse a newsletter<\/span>\n\t\t\t\t\t<\/span>\n\t\t\t\t\t<\/a>\n\t\t\t\t<\/div>\n\t\t\t\t\t\t\t\t<\/div>\n\t\t\t\t<\/div>\n\t\t\t\t\t<\/div>\n\t\t<\/div>\n\t\t\t\t\t<\/div>\n\t\t<\/section>\n\t\t\t\t<\/div>\n\t\t","protected":false},"excerpt":{"rendered":"<p>Too Good to Waste &#8211; 2024 Iniciativa para mitigar las emisiones de Metano proveniente de residuos en Am\u00e9rica Latina y el Caribe Fecha: 25 de abrilLocal: Sala 210 A \u2013 Mezanino Pavilh\u00e3o 5 \u2013 S\u00e3o Paulo ExpoHorario: 09:30 \u2013 17:00 El Banco Interamericano de Desarrollo (BID) es una de las instituciones m\u00e1s presentes en el [&hellip;]<\/p>\n","protected":false},"author":1,"featured_media":0,"parent":0,"menu_order":0,"comment_status":"closed","ping_status":"closed","template":"","meta":{"_acf_changed":false,"footnotes":""},"class_list":["post-9023","page","type-page","status-publish","hentry"],"acf":[],"_links":{"self":[{"href":"https:\/\/ifatbrasil.com.br\/es\/wp-json\/wp\/v2\/pages\/9023","targetHints":{"allow":["GET"]}}],"collection":[{"href":"https:\/\/ifatbrasil.com.br\/es\/wp-json\/wp\/v2\/pages"}],"about":[{"href":"https:\/\/ifatbrasil.com.br\/es\/wp-json\/wp\/v2\/types\/page"}],"author":[{"embeddable":true,"href":"https:\/\/ifatbrasil.com.br\/es\/wp-json\/wp\/v2\/users\/1"}],"replies":[{"embeddable":true,"href":"https:\/\/ifatbrasil.com.br\/es\/wp-json\/wp\/v2\/comments?post=9023"}],"version-history":[{"count":0,"href":"https:\/\/ifatbrasil.com.br\/es\/wp-json\/wp\/v2\/pages\/9023\/revisions"}],"wp:attachment":[{"href":"https:\/\/ifatbrasil.com.br\/es\/wp-json\/wp\/v2\/media?parent=9023"}],"curies":[{"name":"wp","href":"https:\/\/api.w.org\/{rel}","templated":true}]}}