{"id":9025,"date":"2024-03-18T21:39:50","date_gmt":"2024-03-19T00:39:50","guid":{"rendered":"https:\/\/ifatbrasil.com.br\/visita-tecnica-2024\/"},"modified":"2025-02-06T07:59:32","modified_gmt":"2025-02-06T10:59:32","slug":"visita-tecnica-2024","status":"publish","type":"page","link":"https:\/\/ifatbrasil.com.br\/es\/visita-tecnica-2024\/","title":{"rendered":"Visita T\u00e9cnica 2024"},"content":{"rendered":"\t\t<div data-elementor-type=\"wp-page\" data-elementor-id=\"9025\" class=\"elementor elementor-9025 elementor-4001\" data-elementor-post-type=\"page\">\n\t\t\t\t\t\t<section class=\"elementor-section elementor-top-section elementor-element elementor-element-35563ea elementor-section-boxed elementor-section-height-default elementor-section-height-default\" data-id=\"35563ea\" data-element_type=\"section\" data-e-type=\"section\" data-settings=\"{&quot;background_background&quot;:&quot;classic&quot;}\">\n\t\t\t\t\t\t\t<div class=\"elementor-background-overlay\"><\/div>\n\t\t\t\t\t\t\t<div class=\"elementor-container elementor-column-gap-default\">\n\t\t\t\t\t<div class=\"elementor-column elementor-col-100 elementor-top-column elementor-element elementor-element-8228c3b\" data-id=\"8228c3b\" data-element_type=\"column\" data-e-type=\"column\">\n\t\t\t<div class=\"elementor-widget-wrap elementor-element-populated\">\n\t\t\t\t\t\t<div class=\"elementor-element elementor-element-8a7cf8e elementor-widget elementor-widget-heading\" data-id=\"8a7cf8e\" data-element_type=\"widget\" data-e-type=\"widget\" data-widget_type=\"heading.default\">\n\t\t\t\t<div class=\"elementor-widget-container\">\n\t\t\t\t\t<h1 class=\"elementor-heading-title elementor-size-default\">Visita T\u00e9cnica - 2024<\/h1>\t\t\t\t<\/div>\n\t\t\t\t<\/div>\n\t\t\t\t\t<\/div>\n\t\t<\/div>\n\t\t\t\t\t<\/div>\n\t\t<\/section>\n\t\t\t\t<section class=\"elementor-section elementor-top-section elementor-element elementor-element-a39ebff elementor-section-boxed elementor-section-height-default elementor-section-height-default\" data-id=\"a39ebff\" data-element_type=\"section\" data-e-type=\"section\" data-settings=\"{&quot;background_background&quot;:&quot;classic&quot;}\">\n\t\t\t\t\t\t<div class=\"elementor-container elementor-column-gap-default\">\n\t\t\t\t\t<div class=\"elementor-column elementor-col-100 elementor-top-column elementor-element elementor-element-0cdddf0\" data-id=\"0cdddf0\" data-element_type=\"column\" data-e-type=\"column\">\n\t\t\t<div class=\"elementor-widget-wrap elementor-element-populated\">\n\t\t\t\t\t\t<div class=\"elementor-element elementor-element-15d7c548 elementor-widget elementor-widget-heading\" data-id=\"15d7c548\" data-element_type=\"widget\" data-e-type=\"widget\" data-widget_type=\"heading.default\">\n\t\t\t\t<div class=\"elementor-widget-container\">\n\t\t\t\t\t<h2 class=\"elementor-heading-title elementor-size-default\">Benchmarking Internacional Agua, Efluentes y Residuos Brasil<\/h2>\t\t\t\t<\/div>\n\t\t\t\t<\/div>\n\t\t\t\t<section class=\"elementor-section elementor-inner-section elementor-element elementor-element-121b452a elementor-section-boxed elementor-section-height-default elementor-section-height-default\" data-id=\"121b452a\" data-element_type=\"section\" data-e-type=\"section\">\n\t\t\t\t\t\t<div class=\"elementor-container elementor-column-gap-default\">\n\t\t\t\t\t<div class=\"elementor-column elementor-col-100 elementor-inner-column elementor-element elementor-element-5fce61f3\" data-id=\"5fce61f3\" data-element_type=\"column\" data-e-type=\"column\">\n\t\t\t<div class=\"elementor-widget-wrap elementor-element-populated\">\n\t\t\t\t\t\t<div class=\"elementor-element elementor-element-5eb38e51 elementor-widget elementor-widget-text-editor\" data-id=\"5eb38e51\" data-element_type=\"widget\" data-e-type=\"widget\" data-widget_type=\"text-editor.default\">\n\t\t\t\t<div class=\"elementor-widget-container\">\n\t\t\t\t\t\t\t\t\t<p>Durante IFAT Brasil (24 a 26\/04\/2024), tendremos un programa especial de visitas t\u00e9cnicas en asociaci\u00f3n con la empresa de consultor\u00eda corporativa y ambiental LAVORO Solutions, proporcionando una experiencia real y la oportunidad de ver en funcionamiento las infraestructuras operativas, equipos, servicios y tecnolog\u00edas de gesti\u00f3n de residuos s\u00f3lidos, tratamiento de aguas y efluentes que estar\u00e1n disponibles para un an\u00e1lisis detallado durante la semana de trabajo de la Feria. Durante las visitas t\u00e9cnicas, que comenzar\u00e1n el lunes 22 de abril y finalizar\u00e1n el viernes 26 de marzo, tendremos una \u00faltima parada en IFAT los d\u00edas 25 y 26 de abril, que permitir\u00e1 a los participantes ver en la pr\u00e1ctica los detalles de las tecnolog\u00edas en funcionamiento. <\/p>\n\t\t\t\t\t\t\t\t<\/div>\n\t\t\t\t<\/div>\n\t\t\t\t\t<\/div>\n\t\t<\/div>\n\t\t\t\t\t<\/div>\n\t\t<\/section>\n\t\t\t\t<section class=\"elementor-section elementor-inner-section elementor-element elementor-element-c27df0a elementor-hidden-desktop elementor-hidden-tablet elementor-hidden-mobile elementor-section-boxed elementor-section-height-default elementor-section-height-default\" data-id=\"c27df0a\" data-element_type=\"section\" data-e-type=\"section\">\n\t\t\t\t\t\t<div class=\"elementor-container elementor-column-gap-default\">\n\t\t\t\t\t<div class=\"elementor-column elementor-col-100 elementor-inner-column elementor-element elementor-element-01981ff\" data-id=\"01981ff\" data-element_type=\"column\" data-e-type=\"column\">\n\t\t\t<div class=\"elementor-widget-wrap\">\n\t\t\t\t\t\t\t<\/div>\n\t\t<\/div>\n\t\t\t\t\t<\/div>\n\t\t<\/section>\n\t\t\t\t<section class=\"elementor-section elementor-inner-section elementor-element elementor-element-6279673 elementor-section-boxed elementor-section-height-default elementor-section-height-default\" data-id=\"6279673\" data-element_type=\"section\" data-e-type=\"section\">\n\t\t\t\t\t\t<div class=\"elementor-container elementor-column-gap-default\">\n\t\t\t\t\t<div class=\"elementor-column elementor-col-100 elementor-inner-column elementor-element elementor-element-67f16e1\" data-id=\"67f16e1\" data-element_type=\"column\" data-e-type=\"column\">\n\t\t\t<div class=\"elementor-widget-wrap elementor-element-populated\">\n\t\t\t\t\t\t<div class=\"elementor-element elementor-element-1f78f3a elementor-widget elementor-widget-qi_addons_for_elementor_tabs_horizontal\" data-id=\"1f78f3a\" data-element_type=\"widget\" data-e-type=\"widget\" data-widget_type=\"qi_addons_for_elementor_tabs_horizontal.default\">\n\t\t\t\t<div class=\"elementor-widget-container\">\n\t\t\t\t\t<div class=\"qodef-shortcode qodef-m qodef-qi-tabs-horizontal qodef-qi-clear qodef-layout--simple qodef-title-hover--underline-draw qodef-title-underline-from-left\">\n\t<ul class=\"qodef-tabs-horizontal-navigation\">\n\t\t<li>\n\t<h5 class=\"qodef-tab-title\" role=\"tab\">\n\t\t<a href=\"#qodef-tab-0c2818e\">\n\t\t\t<span class=\"q-text\">\n\t\t\t\tDia 22\t\t\t<\/span>\n\t\t<\/a>\n\t<\/h5>\n<\/li>\n<li>\n\t<h5 class=\"qodef-tab-title\" role=\"tab\">\n\t\t<a href=\"#qodef-tab-cb755fb\">\n\t\t\t<span class=\"q-text\">\n\t\t\t\tDia 23\t\t\t<\/span>\n\t\t<\/a>\n\t<\/h5>\n<\/li>\n<li>\n\t<h5 class=\"qodef-tab-title\" role=\"tab\">\n\t\t<a href=\"#qodef-tab-8ddf720\">\n\t\t\t<span class=\"q-text\">\n\t\t\t\tD\u00eda 24\t\t\t<\/span>\n\t\t<\/a>\n\t<\/h5>\n<\/li>\n<li>\n\t<h5 class=\"qodef-tab-title\" role=\"tab\">\n\t\t<a href=\"#qodef-tab-118b7c5\">\n\t\t\t<span class=\"q-text\">\n\t\t\t\tD\u00eda 25\t\t\t<\/span>\n\t\t<\/a>\n\t<\/h5>\n<\/li>\n<li>\n\t<h5 class=\"qodef-tab-title\" role=\"tab\">\n\t\t<a href=\"#qodef-tab-929e461\">\n\t\t\t<span class=\"q-text\">\n\t\t\t\tD\u00eda 26\t\t\t<\/span>\n\t\t<\/a>\n\t<\/h5>\n<\/li>\n\t<\/ul>\n\t<div class=\"qodef-tabs-horizontal-content\" id=\"qodef-tab-0c2818e\">\n\t[add_eventon_list fixed_month=\"04\" fixed_year=\"2024\" number_of_months=\"1\" hide_month_headers=\"yes\" event_type=\"62,\" event_type_2=\"68,\"]<\/div>\n<div class=\"qodef-tabs-horizontal-content\" id=\"qodef-tab-cb755fb\">\n\t[add_eventon_list fixed_month=\"04\" fixed_year=\"2024\" number_of_months=\"1\" hide_month_headers=\"yes\" event_type=\"62,\" event_type_2=\"69,\"]<\/div>\n<div class=\"qodef-tabs-horizontal-content\" id=\"qodef-tab-8ddf720\">\n\t[add_eventon_list fixed_month=\"04\" fixed_year=\"2024\" number_of_months=\"1\" hide_month_headers=\"yes\" event_type=\"62,\" event_type_2=\"67,\"]<\/div>\n<div class=\"qodef-tabs-horizontal-content\" id=\"qodef-tab-118b7c5\">\n\t[add_eventon_list fixed_month=\"04\" fixed_year=\"2024\" number_of_months=\"1\" hide_month_headers=\"yes\" event_type=\"62,\" event_type_2=\"70,\"]<\/div>\n<div class=\"qodef-tabs-horizontal-content\" id=\"qodef-tab-929e461\">\n\t[add_eventon_list fixed_month=\"04\" fixed_year=\"2024\" number_of_months=\"1\" hide_month_headers=\"yes\" event_type=\"62,\" event_type_2=\"71,\"]<\/div>\n<\/div>\n\t\t\t\t<\/div>\n\t\t\t\t<\/div>\n\t\t\t\t\t<\/div>\n\t\t<\/div>\n\t\t\t\t\t<\/div>\n\t\t<\/section>\n\t\t\t\t<section class=\"elementor-section elementor-inner-section elementor-element elementor-element-885563f elementor-section-boxed elementor-section-height-default elementor-section-height-default\" data-id=\"885563f\" data-element_type=\"section\" data-e-type=\"section\">\n\t\t\t\t\t\t<div class=\"elementor-container elementor-column-gap-default\">\n\t\t\t\t\t<div class=\"elementor-column elementor-col-100 elementor-inner-column elementor-element elementor-element-5b3f44a\" data-id=\"5b3f44a\" data-element_type=\"column\" data-e-type=\"column\">\n\t\t\t<div class=\"elementor-widget-wrap elementor-element-populated\">\n\t\t\t\t\t\t<div class=\"elementor-element elementor-element-0ffaffc elementor-widget elementor-widget-text-editor\" data-id=\"0ffaffc\" data-element_type=\"widget\" data-e-type=\"widget\" data-widget_type=\"text-editor.default\">\n\t\t\t\t<div class=\"elementor-widget-container\">\n\t\t\t\t\t\t\t\t\t<p><strong>\u00bfQu\u00e9 puedo esperar de estas visitas t\u00e9cnicas?<\/strong><\/p>\n<p>Durante cuatro d\u00edas, ofreceremos una inmersi\u00f3n en las mejores referencias nacionales del sector del saneamiento ambiental en Brasil, centr\u00e1ndonos especialmente en la gesti\u00f3n de residuos s\u00f3lidos urbanos y el tratamiento de aguas y aguas residuales. Las visitas t\u00e9cnicas han sido dise\u00f1adas para ofrecer una experiencia de alta calidad, con el objetivo de fortalecer la creaci\u00f3n de redes y promover el intercambio de conocimientos entre profesionales, empresas y organismos p\u00fablicos. <\/p>\n\t\t\t\t\t\t\t\t<\/div>\n\t\t\t\t<\/div>\n\t\t\t\t<div class=\"elementor-element elementor-element-aa813c2 elementor-widget elementor-widget-text-editor\" data-id=\"aa813c2\" data-element_type=\"widget\" data-e-type=\"widget\" data-widget_type=\"text-editor.default\">\n\t\t\t\t<div class=\"elementor-widget-container\">\n\t\t\t\t\t\t\t\t\t<p><strong>\u00bfPor qu\u00e9 participar en el Benchmarking Internacional de Agua, Efluentes y Residuos de Brasil?<\/strong><\/p>\n<ul>\n<li><strong>Benchmarking internacional<\/strong>: LAVORO, reconocida internacionalmente por la organizaci\u00f3n de eventos ambientales, aporta un panorama diferenciado y destacado al sector de la consultor\u00eda especializada en el negocio del saneamiento ambiental. <\/li>\n<li><strong>Reflexi\u00f3n sobre las mejores pr\u00e1cticas<\/strong>: Participe en debates y reflexiones sobre las mejores pr\u00e1cticas del sector, impulsando el crecimiento y la innovaci\u00f3n. <\/li>\n<li><strong>Networking de calidad<\/strong>: Conecte con l\u00edderes del mercado, expertos y profesionales del sector durante las visitas t\u00e9cnicas programadas. <\/li>\n<\/ul>\n\t\t\t\t\t\t\t\t<\/div>\n\t\t\t\t<\/div>\n\t\t\t\t<div class=\"elementor-element elementor-element-0cbeaf4 elementor-widget elementor-widget-text-editor\" data-id=\"0cbeaf4\" data-element_type=\"widget\" data-e-type=\"widget\" data-widget_type=\"text-editor.default\">\n\t\t\t\t<div class=\"elementor-widget-container\">\n\t\t\t\t\t\t\t\t\t<p>\u00bfQuiere saber m\u00e1s sobre este Benchmarking y c\u00f3mo esta iniciativa puede a\u00f1adir valor a sus conocimientos y a su negocio? Contacte con LAVORO Solutions <span style=\"text-decoration: underline;\">en<\/span> <strong><a href=\"mailto:contato@lavoro-solutions.com\">contato@lavoro-solutions.com<\/a><\/strong> o <a href=\"mailto:giuliana.lentino@lavoro-solutions.com\"><span style=\"text-decoration: underline;\">giuliana.lentino@lavoro-solutions.com<\/span><\/a> <strong>para<\/strong> obtener informaci\u00f3n detallada sobre la cuota de inscripci\u00f3n, las condiciones de pago, el itinerario, las empresas visitadas y los expertos participantes. Si lo prefiere, puede llamar al (21) 25086154 o al (21) 996793228.  <\/p>\n\t\t\t\t\t\t\t\t<\/div>\n\t\t\t\t<\/div>\n\t\t\t\t<div class=\"elementor-element elementor-element-15bec27 elementor-widget elementor-widget-text-editor\" data-id=\"15bec27\" data-element_type=\"widget\" data-e-type=\"widget\" data-widget_type=\"text-editor.default\">\n\t\t\t\t<div class=\"elementor-widget-container\">\n\t\t\t\t\t\t\t\t\t<p>Asegure su plaza ahora, \u00a1\u00a1\u00a1s\u00f3lo hay un n\u00famero limitado de participantes!!!<\/p>\n\t\t\t\t\t\t\t\t<\/div>\n\t\t\t\t<\/div>\n\t\t\t\t\t<\/div>\n\t\t<\/div>\n\t\t\t\t\t<\/div>\n\t\t<\/section>\n\t\t\t\t<section class=\"elementor-section elementor-inner-section elementor-element elementor-element-3e1157a elementor-section-boxed elementor-section-height-default elementor-section-height-default\" data-id=\"3e1157a\" data-element_type=\"section\" data-e-type=\"section\">\n\t\t\t\t\t\t<div class=\"elementor-container elementor-column-gap-default\">\n\t\t\t\t\t<div class=\"elementor-column elementor-col-100 elementor-inner-column elementor-element elementor-element-9f1fe25\" data-id=\"9f1fe25\" data-element_type=\"column\" data-e-type=\"column\">\n\t\t\t<div class=\"elementor-widget-wrap elementor-element-populated\">\n\t\t\t\t\t\t<div class=\"elementor-element elementor-element-9acc1e7 elementor-widget elementor-widget-text-editor\" data-id=\"9acc1e7\" data-element_type=\"widget\" data-e-type=\"widget\" data-widget_type=\"text-editor.default\">\n\t\t\t\t<div class=\"elementor-widget-container\">\n\t\t\t\t\t\t\t\t\t<p>Realizaci\u00f3n<\/p>\n\t\t\t\t\t\t\t\t<\/div>\n\t\t\t\t<\/div>\n\t\t\t\t\t<\/div>\n\t\t<\/div>\n\t\t\t\t\t<\/div>\n\t\t<\/section>\n\t\t\t\t<section class=\"elementor-section elementor-inner-section elementor-element elementor-element-62e9188 elementor-section-boxed elementor-section-height-default elementor-section-height-default\" data-id=\"62e9188\" data-element_type=\"section\" data-e-type=\"section\">\n\t\t\t\t\t\t<div class=\"elementor-container elementor-column-gap-default\">\n\t\t\t\t\t<div class=\"elementor-column elementor-col-25 elementor-inner-column elementor-element elementor-element-27f1fbf\" data-id=\"27f1fbf\" data-element_type=\"column\" data-e-type=\"column\">\n\t\t\t<div class=\"elementor-widget-wrap\">\n\t\t\t\t\t\t\t<\/div>\n\t\t<\/div>\n\t\t\t\t<div class=\"elementor-column elementor-col-25 elementor-inner-column elementor-element elementor-element-2d8158d\" data-id=\"2d8158d\" data-element_type=\"column\" data-e-type=\"column\">\n\t\t\t<div class=\"elementor-widget-wrap elementor-element-populated\">\n\t\t\t\t\t\t<div class=\"elementor-element elementor-element-acd1e14 elementor-widget elementor-widget-image\" data-id=\"acd1e14\" data-element_type=\"widget\" data-e-type=\"widget\" data-widget_type=\"image.default\">\n\t\t\t\t<div class=\"elementor-widget-container\">\n\t\t\t\t\t\t\t\t\t\t\t\t\t\t\t<img fetchpriority=\"high\" decoding=\"async\" width=\"300\" height=\"230\" src=\"https:\/\/ifatbrasil.com.br\/wp-content\/uploads\/2024\/04\/logo-lavoro.png\" class=\"attachment-large size-large wp-image-6967\" alt=\"\" \/>\t\t\t\t\t\t\t\t\t\t\t\t\t\t\t<\/div>\n\t\t\t\t<\/div>\n\t\t\t\t\t<\/div>\n\t\t<\/div>\n\t\t\t\t<div class=\"elementor-column elementor-col-25 elementor-inner-column elementor-element elementor-element-c0045c8\" data-id=\"c0045c8\" data-element_type=\"column\" data-e-type=\"column\">\n\t\t\t<div class=\"elementor-widget-wrap elementor-element-populated\">\n\t\t\t\t\t\t<div class=\"elementor-element elementor-element-af1c878 elementor-widget elementor-widget-image\" data-id=\"af1c878\" data-element_type=\"widget\" data-e-type=\"widget\" data-widget_type=\"image.default\">\n\t\t\t\t<div class=\"elementor-widget-container\">\n\t\t\t\t\t\t\t\t\t\t\t\t\t\t\t<img decoding=\"async\" width=\"592\" height=\"431\" src=\"https:\/\/ifatbrasil.com.br\/wp-content\/uploads\/2023\/06\/logo-ifat.png\" class=\"attachment-large size-large wp-image-6069\" alt=\"\" srcset=\"https:\/\/ifatbrasil.com.br\/wp-content\/uploads\/2023\/06\/logo-ifat.png 592w, https:\/\/ifatbrasil.com.br\/wp-content\/uploads\/2023\/06\/logo-ifat-300x218.png 300w\" sizes=\"(max-width: 592px) 100vw, 592px\" \/>\t\t\t\t\t\t\t\t\t\t\t\t\t\t\t<\/div>\n\t\t\t\t<\/div>\n\t\t\t\t\t<\/div>\n\t\t<\/div>\n\t\t\t\t<div class=\"elementor-column elementor-col-25 elementor-inner-column elementor-element elementor-element-d0f63d7 elementor-hidden-mobile\" data-id=\"d0f63d7\" data-element_type=\"column\" data-e-type=\"column\">\n\t\t\t<div class=\"elementor-widget-wrap\">\n\t\t\t\t\t\t\t<\/div>\n\t\t<\/div>\n\t\t\t\t\t<\/div>\n\t\t<\/section>\n\t\t\t\t\t<\/div>\n\t\t<\/div>\n\t\t\t\t\t<\/div>\n\t\t<\/section>\n\t\t\t\t<section class=\"elementor-section elementor-top-section elementor-element elementor-element-554c22d elementor-section-boxed elementor-section-height-default elementor-section-height-default\" data-id=\"554c22d\" data-element_type=\"section\" data-e-type=\"section\" data-settings=\"{&quot;background_background&quot;:&quot;classic&quot;}\">\n\t\t\t\t\t\t<div class=\"elementor-container elementor-column-gap-default\">\n\t\t\t\t\t<div class=\"elementor-column elementor-col-100 elementor-top-column elementor-element elementor-element-eddb5e7\" data-id=\"eddb5e7\" data-element_type=\"column\" data-e-type=\"column\">\n\t\t\t<div class=\"elementor-widget-wrap elementor-element-populated\">\n\t\t\t\t\t\t<div class=\"elementor-element elementor-element-910e2c5 elementor-widget elementor-widget-heading\" data-id=\"910e2c5\" data-element_type=\"widget\" data-e-type=\"widget\" data-widget_type=\"heading.default\">\n\t\t\t\t<div class=\"elementor-widget-container\">\n\t\t\t\t\t<h2 class=\"elementor-heading-title elementor-size-default\">Recibe nuestro bolet\u00edn<\/h2>\t\t\t\t<\/div>\n\t\t\t\t<\/div>\n\t\t\t\t<div class=\"elementor-element elementor-element-a16d8bb elementor-widget__width-initial elementor-widget-mobile__width-inherit elementor-widget elementor-widget-text-editor\" data-id=\"a16d8bb\" data-element_type=\"widget\" data-e-type=\"widget\" data-widget_type=\"text-editor.default\">\n\t\t\t\t<div class=\"elementor-widget-container\">\n\t\t\t\t\t\t\t\t\t<p>\u00bfQuieres recibir las principales novedades del mercado y el principal evento de tecnolog\u00eda ambiental de Am\u00e9rica Latina?<\/p>\n\t\t\t\t\t\t\t\t<\/div>\n\t\t\t\t<\/div>\n\t\t\t\t<div class=\"elementor-element elementor-element-e59439a seja-expositor-banner elementor-widget elementor-widget-button\" data-id=\"e59439a\" data-element_type=\"widget\" data-e-type=\"widget\" data-widget_type=\"button.default\">\n\t\t\t\t<div class=\"elementor-widget-container\">\n\t\t\t\t\t\t\t\t\t<div class=\"elementor-button-wrapper\">\n\t\t\t\t\t<a class=\"elementor-button elementor-button-link elementor-size-sm\" href=\"https:\/\/mm-br.activehosted.com\/f\/81\" target=\"_blank\">\n\t\t\t\t\t\t<span class=\"elementor-button-content-wrapper\">\n\t\t\t\t\t\t<span class=\"elementor-button-icon\">\n\t\t\t\t<i aria-hidden=\"true\" class=\"far fa-envelope\"><\/i>\t\t\t<\/span>\n\t\t\t\t\t\t\t\t\t<span class=\"elementor-button-text\">Suscribirse a newsletter<\/span>\n\t\t\t\t\t<\/span>\n\t\t\t\t\t<\/a>\n\t\t\t\t<\/div>\n\t\t\t\t\t\t\t\t<\/div>\n\t\t\t\t<\/div>\n\t\t\t\t\t<\/div>\n\t\t<\/div>\n\t\t\t\t\t<\/div>\n\t\t<\/section>\n\t\t\t\t<\/div>\n\t\t","protected":false},"excerpt":{"rendered":"<p>Visita T\u00e9cnica &#8211; 2024 Benchmarking Internacional Agua, Efluentes y Residuos Brasil Durante IFAT Brasil (24 a 26\/04\/2024), tendremos un programa especial de visitas t\u00e9cnicas en asociaci\u00f3n con la empresa de consultor\u00eda corporativa y ambiental LAVORO Solutions, proporcionando una experiencia real y la oportunidad de ver en funcionamiento las infraestructuras operativas, equipos, servicios y tecnolog\u00edas de [&hellip;]<\/p>\n","protected":false},"author":1,"featured_media":0,"parent":0,"menu_order":0,"comment_status":"closed","ping_status":"closed","template":"","meta":{"_acf_changed":false,"footnotes":""},"class_list":["post-9025","page","type-page","status-publish","hentry"],"acf":[],"_links":{"self":[{"href":"https:\/\/ifatbrasil.com.br\/es\/wp-json\/wp\/v2\/pages\/9025","targetHints":{"allow":["GET"]}}],"collection":[{"href":"https:\/\/ifatbrasil.com.br\/es\/wp-json\/wp\/v2\/pages"}],"about":[{"href":"https:\/\/ifatbrasil.com.br\/es\/wp-json\/wp\/v2\/types\/page"}],"author":[{"embeddable":true,"href":"https:\/\/ifatbrasil.com.br\/es\/wp-json\/wp\/v2\/users\/1"}],"replies":[{"embeddable":true,"href":"https:\/\/ifatbrasil.com.br\/es\/wp-json\/wp\/v2\/comments?post=9025"}],"version-history":[{"count":0,"href":"https:\/\/ifatbrasil.com.br\/es\/wp-json\/wp\/v2\/pages\/9025\/revisions"}],"wp:attachment":[{"href":"https:\/\/ifatbrasil.com.br\/es\/wp-json\/wp\/v2\/media?parent=9025"}],"curies":[{"name":"wp","href":"https:\/\/api.w.org\/{rel}","templated":true}]}}